{"id":1334,"date":"2022-07-23T02:24:07","date_gmt":"2022-07-23T00:24:07","guid":{"rendered":"https:\/\/instalaciondetarimas.com\/tarima-exterior\/?page_id=1334"},"modified":"2022-12-04T01:14:57","modified_gmt":"2022-12-04T00:14:57","slug":"mapa-web","status":"publish","type":"page","link":"https:\/\/instalaciondetarimas.com\/tarima-exterior\/mapa-web\/","title":{"rendered":"MAPA WEB"},"content":{"rendered":"<p><span style=\"font-size: medium; font-family: arial,helvetica,sans-serif;\">Esto es un multisitio web, formado por distintas p\u00e1ginas. Est\u00e1s ahora en la secci\u00f3n espec\u00edfica de tarima de madera de exterior. D\u00f3nde creamos contenidos t\u00e9cnicos sobre la instalaci\u00f3n de decks de tarima exterior. Puedes acceder a otros sitios como: <\/span><\/p>\n<p><a href=\"https:\/\/instalaciondetarimas.com\/ofertas-de-tarima\/\" target=\"_blank\" rel=\"nofollow noopener sponsored\"><span style=\"font-size: medium; font-family: arial,helvetica,sans-serif;\">Sitio de tarima de interior<\/span><\/a>. <span style=\"font-size: medium; font-family: arial,helvetica,sans-serif;\">Dedicado a todo lo referido a suelos de tarima maciza de interior. <\/span><\/p>\n<p><span style=\"font-size: medium; font-family: arial,helvetica,sans-serif;\"><a href=\"https:\/\/instalaciondetarimas.com\/tarima-maciza-barnizada\/\" target=\"_blank\" rel=\"noopener sponsored\">Sitio de tarima interior barnizada<\/a>. Dedicado a las tarimas que vienen de f\u00e1brica barnizadas.<\/span><\/p>\n<p><a href=\"https:\/\/instalaciondetarimas.com\/tarima-exterior\/\" target=\"_blank\" rel=\"noopener sponsored\"><span style=\"font-size: medium; font-family: arial,helvetica,sans-serif;\">Sitio espec\u00edfico de tarima exterior<\/span><\/a>. <span style=\"font-size: medium; font-family: arial,helvetica,sans-serif;\">Dedicado a todo lo referido a suelos de tarima de exterior. Decks.<\/span><\/p><!--CusAds0-->\n<p><a href=\"https:\/\/instalaciondetarimas.com\/\" target=\"_blank\" rel=\"nofollow noopener sponsored\"><span style=\"font-size: medium; font-family: arial,helvetica,sans-serif;\">Sitio principal.<\/span><\/a> <span style=\"font-size: medium; font-family: arial,helvetica,sans-serif;\">Dedicado a todo lo referido a la construcci\u00f3n con madera.<\/span><\/p>\n<p><span style=\"font-size: medium; font-family: arial,helvetica,sans-serif;\"><a href=\"https:\/\/instalaciondetarimas.com\/enciclopedia-de-la-madera\/\" target=\"_blank\" rel=\"noopener sponsored\">Sitio Enciclopedia de la madera<\/a><\/span><\/p>\n<h3><strong><span style=\"color: #ff0000;\"><span style=\"color: #333333;\"><span style=\"color: #808080;\">M\u00f3vil<\/span> Whatsapp: <span style=\"color: #808080;\">0034<\/span> 636 52 04 08 \/ Fijo\u00a0<\/span><\/span><\/strong><strong><span style=\"color: #ff0000;\"><span style=\"color: #333333;\">\u00a091 890 51 61<\/span><\/span><\/strong><\/h3>\n<p><a href=\"https:\/\/shop.instalaciondetarimas.com\/producto\/oferta-de-rastrel-tropical-de-ipe-para-tarima-exterior-o-interior\/\" target=\"_blank\" rel=\"nofollow noopener sponsored\"><img loading=\"lazy\" decoding=\"async\" class=\"size-full wp-image-1393\" src=\"https:\/\/instalaciondetarimas.com\/tarima-exterior\/wp-content\/uploads\/sites\/11\/2022\/12\/RASTREL-TROPICAL-2.gif\" alt=\"\" width=\"300\" height=\"300\" \/><\/a><\/p>\n<div class=\"7d133950727d7d7fabd868cef9729e91\" data-index=\"1\" style=\"float: none; margin:10px 0 10px 0; text-align:center;\">\n<script async src=\"\/\/pagead2.googlesyndication.com\/pagead\/js\/adsbygoogle.js\"><\/script>\r\n<!-- MINIMAL -->\r\n<ins class=\"adsbygoogle\"\r\n     style=\"display:block\"\r\n     data-ad-client=\"ca-pub-5350189522639204\"\r\n     data-ad-slot=\"2323043779\"\r\n     data-ad-format=\"auto\"><\/ins>\r\n<script>\r\n(adsbygoogle = window.adsbygoogle || []).push({});\r\n<\/script>\n<\/div>\n\n<div style=\"font-size: 0px; height: 0px; line-height: 0px; margin: 0; padding: 0; clear: both;\"><\/div>","protected":false},"excerpt":{"rendered":"<p>Esto es un multisitio web, formado por distintas p\u00e1ginas. Est\u00e1s ahora en la secci\u00f3n espec\u00edfica de tarima de madera de exterior. D\u00f3nde creamos contenidos t\u00e9cnicos sobre la instalaci\u00f3n de decks de tarima exterior. Puedes acceder a otros sitios como: Sitio de tarima de interior. Dedicado a todo lo referido a suelos de tarima maciza de [&hellip;]<\/p>\n","protected":false},"author":1,"featured_media":0,"parent":0,"menu_order":0,"comment_status":"closed","ping_status":"closed","template":"","meta":{"footnotes":""},"class_list":["post-1334","page","type-page","status-publish","hentry"],"yoast_head":"<!-- This site is optimized with the Yoast SEO plugin v27.1.1 - https:\/\/yoast.com\/product\/yoast-seo-wordpress\/ -->\n<title>MAPA WEB - ofertas de tarima exterior con la mejor calidad y precio<\/title>\n<meta name=\"robots\" content=\"index, follow, max-snippet:-1, max-image-preview:large, max-video-preview:-1\" \/>\n<link rel=\"canonical\" href=\"https:\/\/instalaciondetarimas.com\/tarima-exterior\/mapa-web\/\" \/>\n<meta property=\"og:locale\" content=\"es_ES\" \/>\n<meta property=\"og:type\" content=\"article\" \/>\n<meta property=\"og:title\" content=\"MAPA WEB - ofertas de tarima exterior con la mejor calidad y precio\" \/>\n<meta property=\"og:description\" content=\"Esto es un multisitio web, formado por distintas p\u00e1ginas. Est\u00e1s ahora en la secci\u00f3n espec\u00edfica de tarima de madera de exterior. D\u00f3nde creamos contenidos t\u00e9cnicos sobre la instalaci\u00f3n de decks de tarima exterior. Puedes acceder a otros sitios como: Sitio de tarima de interior. Dedicado a todo lo referido a suelos de tarima maciza de [&hellip;]\" \/>\n<meta property=\"og:url\" content=\"https:\/\/instalaciondetarimas.com\/tarima-exterior\/mapa-web\/\" \/>\n<meta property=\"og:site_name\" content=\"ofertas de tarima exterior con la mejor calidad y precio\" \/>\n<meta property=\"article:modified_time\" content=\"2022-12-04T00:14:57+00:00\" \/>\n<meta property=\"og:image\" content=\"https:\/\/instalaciondetarimas.com\/tarima-exterior\/wp-content\/uploads\/sites\/11\/2022\/12\/RASTREL-TROPICAL-2.gif\" \/>\n<meta name=\"twitter:card\" content=\"summary_large_image\" \/>\n<meta name=\"twitter:label1\" content=\"Tiempo de lectura\" \/>\n\t<meta name=\"twitter:data1\" content=\"1 minuto\" \/>\n<script type=\"application\/ld+json\" class=\"yoast-schema-graph\">{\"@context\":\"https:\/\/schema.org\",\"@graph\":[{\"@type\":\"WebPage\",\"@id\":\"https:\/\/instalaciondetarimas.com\/tarima-exterior\/mapa-web\/\",\"url\":\"https:\/\/instalaciondetarimas.com\/tarima-exterior\/mapa-web\/\",\"name\":\"MAPA WEB - ofertas de tarima exterior con la mejor calidad y precio\",\"isPartOf\":{\"@id\":\"https:\/\/instalaciondetarimas.com\/tarima-exterior\/#website\"},\"primaryImageOfPage\":{\"@id\":\"https:\/\/instalaciondetarimas.com\/tarima-exterior\/mapa-web\/#primaryimage\"},\"image\":{\"@id\":\"https:\/\/instalaciondetarimas.com\/tarima-exterior\/mapa-web\/#primaryimage\"},\"thumbnailUrl\":\"https:\/\/instalaciondetarimas.com\/tarima-exterior\/wp-content\/uploads\/sites\/11\/2022\/12\/RASTREL-TROPICAL-2.gif\",\"datePublished\":\"2022-07-23T00:24:07+00:00\",\"dateModified\":\"2022-12-04T00:14:57+00:00\",\"breadcrumb\":{\"@id\":\"https:\/\/instalaciondetarimas.com\/tarima-exterior\/mapa-web\/#breadcrumb\"},\"inLanguage\":\"es\",\"potentialAction\":[{\"@type\":\"ReadAction\",\"target\":[\"https:\/\/instalaciondetarimas.com\/tarima-exterior\/mapa-web\/\"]}]},{\"@type\":\"ImageObject\",\"inLanguage\":\"es\",\"@id\":\"https:\/\/instalaciondetarimas.com\/tarima-exterior\/mapa-web\/#primaryimage\",\"url\":\"https:\/\/instalaciondetarimas.com\/tarima-exterior\/wp-content\/uploads\/sites\/11\/2022\/12\/RASTREL-TROPICAL-2.gif\",\"contentUrl\":\"https:\/\/instalaciondetarimas.com\/tarima-exterior\/wp-content\/uploads\/sites\/11\/2022\/12\/RASTREL-TROPICAL-2.gif\",\"width\":300,\"height\":300,\"caption\":\"oferta de rastrel tropical de ip\u00e9\"},{\"@type\":\"BreadcrumbList\",\"@id\":\"https:\/\/instalaciondetarimas.com\/tarima-exterior\/mapa-web\/#breadcrumb\",\"itemListElement\":[{\"@type\":\"ListItem\",\"position\":1,\"name\":\"Portada\",\"item\":\"https:\/\/instalaciondetarimas.com\/tarima-exterior\/\"},{\"@type\":\"ListItem\",\"position\":2,\"name\":\"MAPA WEB\"}]},{\"@type\":\"WebSite\",\"@id\":\"https:\/\/instalaciondetarimas.com\/tarima-exterior\/#website\",\"url\":\"https:\/\/instalaciondetarimas.com\/tarima-exterior\/\",\"name\":\"ofertas de tarima exterior con la mejor calidad y precio\",\"description\":\"ofertas de tarima exterior\",\"potentialAction\":[{\"@type\":\"SearchAction\",\"target\":{\"@type\":\"EntryPoint\",\"urlTemplate\":\"https:\/\/instalaciondetarimas.com\/tarima-exterior\/?s={search_term_string}\"},\"query-input\":{\"@type\":\"PropertyValueSpecification\",\"valueRequired\":true,\"valueName\":\"search_term_string\"}}],\"inLanguage\":\"es\"}]}<\/script>\n<!-- \/ Yoast SEO plugin. -->","yoast_head_json":{"title":"MAPA WEB - ofertas de tarima exterior con la mejor calidad y precio","robots":{"index":"index","follow":"follow","max-snippet":"max-snippet:-1","max-image-preview":"max-image-preview:large","max-video-preview":"max-video-preview:-1"},"canonical":"https:\/\/instalaciondetarimas.com\/tarima-exterior\/mapa-web\/","og_locale":"es_ES","og_type":"article","og_title":"MAPA WEB - ofertas de tarima exterior con la mejor calidad y precio","og_description":"Esto es un multisitio web, formado por distintas p\u00e1ginas. Est\u00e1s ahora en la secci\u00f3n espec\u00edfica de tarima de madera de exterior. D\u00f3nde creamos contenidos t\u00e9cnicos sobre la instalaci\u00f3n de decks de tarima exterior. Puedes acceder a otros sitios como: Sitio de tarima de interior. Dedicado a todo lo referido a suelos de tarima maciza de [&hellip;]","og_url":"https:\/\/instalaciondetarimas.com\/tarima-exterior\/mapa-web\/","og_site_name":"ofertas de tarima exterior con la mejor calidad y precio","article_modified_time":"2022-12-04T00:14:57+00:00","og_image":[{"url":"https:\/\/instalaciondetarimas.com\/tarima-exterior\/wp-content\/uploads\/sites\/11\/2022\/12\/RASTREL-TROPICAL-2.gif","type":"","width":"","height":""}],"twitter_card":"summary_large_image","twitter_misc":{"Tiempo de lectura":"1 minuto"},"schema":{"@context":"https:\/\/schema.org","@graph":[{"@type":"WebPage","@id":"https:\/\/instalaciondetarimas.com\/tarima-exterior\/mapa-web\/","url":"https:\/\/instalaciondetarimas.com\/tarima-exterior\/mapa-web\/","name":"MAPA WEB - ofertas de tarima exterior con la mejor calidad y precio","isPartOf":{"@id":"https:\/\/instalaciondetarimas.com\/tarima-exterior\/#website"},"primaryImageOfPage":{"@id":"https:\/\/instalaciondetarimas.com\/tarima-exterior\/mapa-web\/#primaryimage"},"image":{"@id":"https:\/\/instalaciondetarimas.com\/tarima-exterior\/mapa-web\/#primaryimage"},"thumbnailUrl":"https:\/\/instalaciondetarimas.com\/tarima-exterior\/wp-content\/uploads\/sites\/11\/2022\/12\/RASTREL-TROPICAL-2.gif","datePublished":"2022-07-23T00:24:07+00:00","dateModified":"2022-12-04T00:14:57+00:00","breadcrumb":{"@id":"https:\/\/instalaciondetarimas.com\/tarima-exterior\/mapa-web\/#breadcrumb"},"inLanguage":"es","potentialAction":[{"@type":"ReadAction","target":["https:\/\/instalaciondetarimas.com\/tarima-exterior\/mapa-web\/"]}]},{"@type":"ImageObject","inLanguage":"es","@id":"https:\/\/instalaciondetarimas.com\/tarima-exterior\/mapa-web\/#primaryimage","url":"https:\/\/instalaciondetarimas.com\/tarima-exterior\/wp-content\/uploads\/sites\/11\/2022\/12\/RASTREL-TROPICAL-2.gif","contentUrl":"https:\/\/instalaciondetarimas.com\/tarima-exterior\/wp-content\/uploads\/sites\/11\/2022\/12\/RASTREL-TROPICAL-2.gif","width":300,"height":300,"caption":"oferta de rastrel tropical de ip\u00e9"},{"@type":"BreadcrumbList","@id":"https:\/\/instalaciondetarimas.com\/tarima-exterior\/mapa-web\/#breadcrumb","itemListElement":[{"@type":"ListItem","position":1,"name":"Portada","item":"https:\/\/instalaciondetarimas.com\/tarima-exterior\/"},{"@type":"ListItem","position":2,"name":"MAPA WEB"}]},{"@type":"WebSite","@id":"https:\/\/instalaciondetarimas.com\/tarima-exterior\/#website","url":"https:\/\/instalaciondetarimas.com\/tarima-exterior\/","name":"ofertas de tarima exterior con la mejor calidad y precio","description":"ofertas de tarima exterior","potentialAction":[{"@type":"SearchAction","target":{"@type":"EntryPoint","urlTemplate":"https:\/\/instalaciondetarimas.com\/tarima-exterior\/?s={search_term_string}"},"query-input":{"@type":"PropertyValueSpecification","valueRequired":true,"valueName":"search_term_string"}}],"inLanguage":"es"}]}},"_links":{"self":[{"href":"https:\/\/instalaciondetarimas.com\/tarima-exterior\/wp-json\/wp\/v2\/pages\/1334","targetHints":{"allow":["GET"]}}],"collection":[{"href":"https:\/\/instalaciondetarimas.com\/tarima-exterior\/wp-json\/wp\/v2\/pages"}],"about":[{"href":"https:\/\/instalaciondetarimas.com\/tarima-exterior\/wp-json\/wp\/v2\/types\/page"}],"author":[{"embeddable":true,"href":"https:\/\/instalaciondetarimas.com\/tarima-exterior\/wp-json\/wp\/v2\/users\/1"}],"replies":[{"embeddable":true,"href":"https:\/\/instalaciondetarimas.com\/tarima-exterior\/wp-json\/wp\/v2\/comments?post=1334"}],"version-history":[{"count":5,"href":"https:\/\/instalaciondetarimas.com\/tarima-exterior\/wp-json\/wp\/v2\/pages\/1334\/revisions"}],"predecessor-version":[{"id":1396,"href":"https:\/\/instalaciondetarimas.com\/tarima-exterior\/wp-json\/wp\/v2\/pages\/1334\/revisions\/1396"}],"wp:attachment":[{"href":"https:\/\/instalaciondetarimas.com\/tarima-exterior\/wp-json\/wp\/v2\/media?parent=1334"}],"curies":[{"name":"wp","href":"https:\/\/api.w.org\/{rel}","templated":true}]}}