{"id":1328,"date":"2022-07-23T01:33:43","date_gmt":"2022-07-22T23:33:43","guid":{"rendered":"https:\/\/instalaciondetarimas.com\/tarima-exterior\/?page_id=1328"},"modified":"2022-07-31T13:26:14","modified_gmt":"2022-07-31T11:26:14","slug":"quienes-somos-2","status":"publish","type":"page","link":"https:\/\/instalaciondetarimas.com\/tarima-exterior\/quienes-somos-2\/","title":{"rendered":"Quienes somos"},"content":{"rendered":"<h1>Bienvenido a intalaciondetarimas.com.<\/h1>\n<p><span style=\"font-family: arial, helvetica, sans-serif; font-size: medium;\">Somos <strong>dise\u00f1adores de interiores y exteriores singulares con madera<\/strong>. Un equipo de profesionales que dise\u00f1amos espacios con tarimas para piscinas, terrazas, cenadores, p\u00e9rgolas o cualquier construcci\u00f3n que se te ocurra, etc.<\/span><\/p>\n<p><span style=\"font-size: medium; font-family: arial,helvetica,sans-serif;\"> Desarrollamos espacios singulares y t\u00e9cnicas de instalaci\u00f3n innovadoras. Todo esto es posible gracias a que somos un equipo bien coordinado en el que la calidad est\u00e9tica y la t\u00e9cnica es nuestra principal ocupaci\u00f3n.<\/span><\/p>\n<p><span style=\"font-size: medium; font-family: arial,helvetica,sans-serif;\">Instalaci\u00f3n de tarimas es tambi\u00e9n una web de asesor\u00eda sobre suelos de madera para exterior e interior. D\u00f3nde podr\u00e1s encontrar textos t\u00e9cnicos para que t\u00fa mismo hagas tu instalaci\u00f3n con nuestro soporte t\u00e9cnico. Te vendemos todos los materiales necesarios y te ayudamos en tu proyecto, con v\u00eddeos, gr\u00e1ficos, planos, etc.<\/span><\/p>\n<p><span style=\"font-size: medium; font-family: arial,helvetica,sans-serif;\"> Si prefieres que nosotros te hagamos la instalaci\u00f3n te damos una garant\u00eda de 15 a\u00f1os.<\/span><\/p>\n<p><span style=\"font-size: medium; font-family: arial,helvetica,sans-serif;\">Instalamos, reparamos y vendemos tarima de exterior y de interior. Somos especialistas en la instalaci\u00f3n de<a href=\"https:\/\/instalaciondetarimas.com\/blog\/category\/tarima-exterior\/\" target=\"_blank\" rel=\"noopener noreferrer\"> tarima de exterior<\/a> e interior. Nuestras tarima cumplen las m\u00e1s exigentes criterios de calidad:<\/span><\/p><!--CusAds0-->\n<ul style=\"list-style-type: square;\">\n<li><span style=\"font-size: medium; font-family: arial,helvetica,sans-serif;\">Certificado AENOR<\/span><\/li>\n<li><span style=\"font-size: medium; font-family: arial,helvetica,sans-serif;\">Certificado FSC<\/span><\/li>\n<li><span style=\"font-size: medium; font-family: arial,helvetica,sans-serif;\">Certificado IQNET<\/span><\/li>\n<\/ul>\n<p><a href=\"https:\/\/instalaciondetarimas.com\/wp-content\/uploads\/colores-tarima-ipe.jpg\"><img loading=\"lazy\" decoding=\"async\" class=\"alignleft size-full wp-image-2586\" src=\"https:\/\/instalaciondetarimas.com\/wp-content\/uploads\/colores-tarima-ipe.jpg\" alt=\"colores-tarima-ipe\" width=\"948\" height=\"239\" \/><\/a><\/p>\n<p>&nbsp;<\/p>\n<p><span style=\"font-size: medium; font-family: arial,helvetica,sans-serif;\">Nuestra premisa es aportar la m\u00e1xima calidad posible y para ello utilizamos calidades superiores y t\u00e9cnicas de instalaci\u00f3n nuevas m\u00e1s eficaces. Empleamos los materiales de la m\u00e1xima calidad y la profesionalidad acumulada a lo largo de toda <a href=\"https:\/\/instalaciondetarimas.com\/blog\/2015\/10\/16\/historia-de-la-tarima-de-ipe-del-brasil\/\" target=\"_blank\" rel=\"noopener noreferrer\">la historia de la tarima, como la del ip\u00e9<\/a>. Adem\u00e1s no s\u00f3lo nuestra experiencia, sino la experiencia de otros profesionales, ya que investigamos y analizamos los problemas de otras instalaciones que reparamos.<\/span><\/p>\n<p>&nbsp;<\/p>\n<p><span style=\"font-size: medium; font-family: arial,helvetica,sans-serif;\">| Venta online y directa en Espa\u00f1a y cualquier parte de Europa | <strong>636 52 04 08<\/strong> | <strong>91 890 51 61<\/strong> | <span style=\"font-size: medium;\"><a title=\"mailto:tarima@instalaciondetarimas.com?subject=\" href=\"mailto:tarima@instalaciondetarimas.com?subject=\">tarima@instalaciondetarimas.com<\/a><\/span> | | <a href=\"https:\/\/plus.google.com\/+Instalaciondetarimas\/posts\" target=\"_blank\" rel=\"noopener noreferrer\">Puedes seguirnos en Google +\u00a0 <\/a>| <a href=\"https:\/\/www.facebook.com\/instalacionyventadetarimas\/\" target=\"_blank\" rel=\"noopener noreferrer\">Facebook<\/a> | C\/ Retama 8. A. Puerta 19. 28200. Madrid |<\/span><\/p>\n<p>&nbsp;<\/p>\n<div class=\"7d133950727d7d7fabd868cef9729e91\" data-index=\"1\" style=\"float: none; margin:10px 0 10px 0; text-align:center;\">\n<script async src=\"\/\/pagead2.googlesyndication.com\/pagead\/js\/adsbygoogle.js\"><\/script>\r\n<!-- MINIMAL -->\r\n<ins class=\"adsbygoogle\"\r\n     style=\"display:block\"\r\n     data-ad-client=\"ca-pub-5350189522639204\"\r\n     data-ad-slot=\"2323043779\"\r\n     data-ad-format=\"auto\"><\/ins>\r\n<script>\r\n(adsbygoogle = window.adsbygoogle || []).push({});\r\n<\/script>\n<\/div>\n\n<div style=\"font-size: 0px; height: 0px; line-height: 0px; margin: 0; padding: 0; clear: both;\"><\/div>","protected":false},"excerpt":{"rendered":"<p>Bienvenido a intalaciondetarimas.com. Somos dise\u00f1adores de interiores y exteriores singulares con madera. Un equipo de profesionales que dise\u00f1amos espacios con tarimas para piscinas, terrazas, cenadores, p\u00e9rgolas o cualquier construcci\u00f3n que se te ocurra, etc. Desarrollamos espacios singulares y t\u00e9cnicas de instalaci\u00f3n innovadoras. Todo esto es posible gracias a que somos un equipo bien coordinado en [&hellip;]<\/p>\n","protected":false},"author":1,"featured_media":0,"parent":0,"menu_order":0,"comment_status":"closed","ping_status":"closed","template":"","meta":{"footnotes":""},"class_list":["post-1328","page","type-page","status-publish","hentry"],"yoast_head":"<!-- This site is optimized with the Yoast SEO plugin v27.1.1 - https:\/\/yoast.com\/product\/yoast-seo-wordpress\/ -->\n<title>Quienes somos - ofertas de tarima exterior con la mejor calidad y precio<\/title>\n<meta name=\"robots\" content=\"index, follow, max-snippet:-1, max-image-preview:large, max-video-preview:-1\" \/>\n<link rel=\"canonical\" href=\"https:\/\/instalaciondetarimas.com\/tarima-exterior\/quienes-somos-2\/\" \/>\n<meta property=\"og:locale\" content=\"es_ES\" \/>\n<meta property=\"og:type\" content=\"article\" \/>\n<meta property=\"og:title\" content=\"Quienes somos - ofertas de tarima exterior con la mejor calidad y precio\" \/>\n<meta property=\"og:description\" content=\"Bienvenido a intalaciondetarimas.com. Somos dise\u00f1adores de interiores y exteriores singulares con madera. Un equipo de profesionales que dise\u00f1amos espacios con tarimas para piscinas, terrazas, cenadores, p\u00e9rgolas o cualquier construcci\u00f3n que se te ocurra, etc. Desarrollamos espacios singulares y t\u00e9cnicas de instalaci\u00f3n innovadoras. Todo esto es posible gracias a que somos un equipo bien coordinado en [&hellip;]\" \/>\n<meta property=\"og:url\" content=\"https:\/\/instalaciondetarimas.com\/tarima-exterior\/quienes-somos-2\/\" \/>\n<meta property=\"og:site_name\" content=\"ofertas de tarima exterior con la mejor calidad y precio\" \/>\n<meta property=\"article:modified_time\" content=\"2022-07-31T11:26:14+00:00\" \/>\n<meta property=\"og:image\" content=\"https:\/\/instalaciondetarimas.com\/wp-content\/uploads\/colores-tarima-ipe.jpg\" \/>\n<meta name=\"twitter:card\" content=\"summary_large_image\" \/>\n<meta name=\"twitter:label1\" content=\"Tiempo de lectura\" \/>\n\t<meta name=\"twitter:data1\" content=\"2 minutos\" \/>\n<script type=\"application\/ld+json\" class=\"yoast-schema-graph\">{\"@context\":\"https:\/\/schema.org\",\"@graph\":[{\"@type\":\"WebPage\",\"@id\":\"https:\/\/instalaciondetarimas.com\/tarima-exterior\/quienes-somos-2\/\",\"url\":\"https:\/\/instalaciondetarimas.com\/tarima-exterior\/quienes-somos-2\/\",\"name\":\"Quienes somos - ofertas de tarima exterior con la mejor calidad y precio\",\"isPartOf\":{\"@id\":\"https:\/\/instalaciondetarimas.com\/tarima-exterior\/#website\"},\"primaryImageOfPage\":{\"@id\":\"https:\/\/instalaciondetarimas.com\/tarima-exterior\/quienes-somos-2\/#primaryimage\"},\"image\":{\"@id\":\"https:\/\/instalaciondetarimas.com\/tarima-exterior\/quienes-somos-2\/#primaryimage\"},\"thumbnailUrl\":\"https:\/\/instalaciondetarimas.com\/wp-content\/uploads\/colores-tarima-ipe.jpg\",\"datePublished\":\"2022-07-22T23:33:43+00:00\",\"dateModified\":\"2022-07-31T11:26:14+00:00\",\"breadcrumb\":{\"@id\":\"https:\/\/instalaciondetarimas.com\/tarima-exterior\/quienes-somos-2\/#breadcrumb\"},\"inLanguage\":\"es\",\"potentialAction\":[{\"@type\":\"ReadAction\",\"target\":[\"https:\/\/instalaciondetarimas.com\/tarima-exterior\/quienes-somos-2\/\"]}]},{\"@type\":\"ImageObject\",\"inLanguage\":\"es\",\"@id\":\"https:\/\/instalaciondetarimas.com\/tarima-exterior\/quienes-somos-2\/#primaryimage\",\"url\":\"https:\/\/instalaciondetarimas.com\/wp-content\/uploads\/colores-tarima-ipe.jpg\",\"contentUrl\":\"https:\/\/instalaciondetarimas.com\/wp-content\/uploads\/colores-tarima-ipe.jpg\"},{\"@type\":\"BreadcrumbList\",\"@id\":\"https:\/\/instalaciondetarimas.com\/tarima-exterior\/quienes-somos-2\/#breadcrumb\",\"itemListElement\":[{\"@type\":\"ListItem\",\"position\":1,\"name\":\"Portada\",\"item\":\"https:\/\/instalaciondetarimas.com\/tarima-exterior\/\"},{\"@type\":\"ListItem\",\"position\":2,\"name\":\"Quienes somos\"}]},{\"@type\":\"WebSite\",\"@id\":\"https:\/\/instalaciondetarimas.com\/tarima-exterior\/#website\",\"url\":\"https:\/\/instalaciondetarimas.com\/tarima-exterior\/\",\"name\":\"ofertas de tarima exterior con la mejor calidad y precio\",\"description\":\"ofertas de tarima exterior\",\"potentialAction\":[{\"@type\":\"SearchAction\",\"target\":{\"@type\":\"EntryPoint\",\"urlTemplate\":\"https:\/\/instalaciondetarimas.com\/tarima-exterior\/?s={search_term_string}\"},\"query-input\":{\"@type\":\"PropertyValueSpecification\",\"valueRequired\":true,\"valueName\":\"search_term_string\"}}],\"inLanguage\":\"es\"}]}<\/script>\n<!-- \/ Yoast SEO plugin. -->","yoast_head_json":{"title":"Quienes somos - ofertas de tarima exterior con la mejor calidad y precio","robots":{"index":"index","follow":"follow","max-snippet":"max-snippet:-1","max-image-preview":"max-image-preview:large","max-video-preview":"max-video-preview:-1"},"canonical":"https:\/\/instalaciondetarimas.com\/tarima-exterior\/quienes-somos-2\/","og_locale":"es_ES","og_type":"article","og_title":"Quienes somos - ofertas de tarima exterior con la mejor calidad y precio","og_description":"Bienvenido a intalaciondetarimas.com. Somos dise\u00f1adores de interiores y exteriores singulares con madera. Un equipo de profesionales que dise\u00f1amos espacios con tarimas para piscinas, terrazas, cenadores, p\u00e9rgolas o cualquier construcci\u00f3n que se te ocurra, etc. Desarrollamos espacios singulares y t\u00e9cnicas de instalaci\u00f3n innovadoras. Todo esto es posible gracias a que somos un equipo bien coordinado en [&hellip;]","og_url":"https:\/\/instalaciondetarimas.com\/tarima-exterior\/quienes-somos-2\/","og_site_name":"ofertas de tarima exterior con la mejor calidad y precio","article_modified_time":"2022-07-31T11:26:14+00:00","og_image":[{"url":"https:\/\/instalaciondetarimas.com\/wp-content\/uploads\/colores-tarima-ipe.jpg","type":"","width":"","height":""}],"twitter_card":"summary_large_image","twitter_misc":{"Tiempo de lectura":"2 minutos"},"schema":{"@context":"https:\/\/schema.org","@graph":[{"@type":"WebPage","@id":"https:\/\/instalaciondetarimas.com\/tarima-exterior\/quienes-somos-2\/","url":"https:\/\/instalaciondetarimas.com\/tarima-exterior\/quienes-somos-2\/","name":"Quienes somos - ofertas de tarima exterior con la mejor calidad y precio","isPartOf":{"@id":"https:\/\/instalaciondetarimas.com\/tarima-exterior\/#website"},"primaryImageOfPage":{"@id":"https:\/\/instalaciondetarimas.com\/tarima-exterior\/quienes-somos-2\/#primaryimage"},"image":{"@id":"https:\/\/instalaciondetarimas.com\/tarima-exterior\/quienes-somos-2\/#primaryimage"},"thumbnailUrl":"https:\/\/instalaciondetarimas.com\/wp-content\/uploads\/colores-tarima-ipe.jpg","datePublished":"2022-07-22T23:33:43+00:00","dateModified":"2022-07-31T11:26:14+00:00","breadcrumb":{"@id":"https:\/\/instalaciondetarimas.com\/tarima-exterior\/quienes-somos-2\/#breadcrumb"},"inLanguage":"es","potentialAction":[{"@type":"ReadAction","target":["https:\/\/instalaciondetarimas.com\/tarima-exterior\/quienes-somos-2\/"]}]},{"@type":"ImageObject","inLanguage":"es","@id":"https:\/\/instalaciondetarimas.com\/tarima-exterior\/quienes-somos-2\/#primaryimage","url":"https:\/\/instalaciondetarimas.com\/wp-content\/uploads\/colores-tarima-ipe.jpg","contentUrl":"https:\/\/instalaciondetarimas.com\/wp-content\/uploads\/colores-tarima-ipe.jpg"},{"@type":"BreadcrumbList","@id":"https:\/\/instalaciondetarimas.com\/tarima-exterior\/quienes-somos-2\/#breadcrumb","itemListElement":[{"@type":"ListItem","position":1,"name":"Portada","item":"https:\/\/instalaciondetarimas.com\/tarima-exterior\/"},{"@type":"ListItem","position":2,"name":"Quienes somos"}]},{"@type":"WebSite","@id":"https:\/\/instalaciondetarimas.com\/tarima-exterior\/#website","url":"https:\/\/instalaciondetarimas.com\/tarima-exterior\/","name":"ofertas de tarima exterior con la mejor calidad y precio","description":"ofertas de tarima exterior","potentialAction":[{"@type":"SearchAction","target":{"@type":"EntryPoint","urlTemplate":"https:\/\/instalaciondetarimas.com\/tarima-exterior\/?s={search_term_string}"},"query-input":{"@type":"PropertyValueSpecification","valueRequired":true,"valueName":"search_term_string"}}],"inLanguage":"es"}]}},"_links":{"self":[{"href":"https:\/\/instalaciondetarimas.com\/tarima-exterior\/wp-json\/wp\/v2\/pages\/1328","targetHints":{"allow":["GET"]}}],"collection":[{"href":"https:\/\/instalaciondetarimas.com\/tarima-exterior\/wp-json\/wp\/v2\/pages"}],"about":[{"href":"https:\/\/instalaciondetarimas.com\/tarima-exterior\/wp-json\/wp\/v2\/types\/page"}],"author":[{"embeddable":true,"href":"https:\/\/instalaciondetarimas.com\/tarima-exterior\/wp-json\/wp\/v2\/users\/1"}],"replies":[{"embeddable":true,"href":"https:\/\/instalaciondetarimas.com\/tarima-exterior\/wp-json\/wp\/v2\/comments?post=1328"}],"version-history":[{"count":6,"href":"https:\/\/instalaciondetarimas.com\/tarima-exterior\/wp-json\/wp\/v2\/pages\/1328\/revisions"}],"predecessor-version":[{"id":1362,"href":"https:\/\/instalaciondetarimas.com\/tarima-exterior\/wp-json\/wp\/v2\/pages\/1328\/revisions\/1362"}],"wp:attachment":[{"href":"https:\/\/instalaciondetarimas.com\/tarima-exterior\/wp-json\/wp\/v2\/media?parent=1328"}],"curies":[{"name":"wp","href":"https:\/\/api.w.org\/{rel}","templated":true}]}}