{"id":1594,"date":"2021-12-30T22:52:18","date_gmt":"2021-12-30T21:52:18","guid":{"rendered":"https:\/\/instalaciondetarimas.com\/madera-maciza-interior\/?page_id=1594"},"modified":"2022-07-24T11:31:33","modified_gmt":"2022-07-24T09:31:33","slug":"sitios-web","status":"publish","type":"page","link":"https:\/\/instalaciondetarimas.com\/madera-maciza-interior\/sitios-web\/","title":{"rendered":"SITIOS WEB"},"content":{"rendered":"<p><span style=\"font-size: medium; font-family: arial,helvetica,sans-serif;\">Esto es un multisitio web, formado por distintas p\u00e1ginas. Est\u00e1s ahora en la secci\u00f3n tarima de madera maciza para interiores de instalaciondetarimas.com donde creamos contenidos sobre suelos de madera en el interior. Puedes acceder a otras secciones como:<\/span><\/p>\n<p><a href=\"https:\/\/instalaciondetarimas.com\/\" target=\"_blank\" rel=\"nofollow noopener sponsored\"><span style=\"font-size: medium; font-family: arial,helvetica,sans-serif;\">Sitio principal.<\/span><\/a> <span style=\"font-size: medium; font-family: arial,helvetica,sans-serif;\">Dedicado a todo lo referido a la construcci\u00f3n con madera.<\/span><\/p>\n<p><span style=\"font-size: medium; font-family: arial,helvetica,sans-serif;\"><a href=\"https:\/\/instalaciondetarimas.com\/tarima-maciza-barnizada\/\" target=\"_blank\" rel=\"noopener sponsored\">Sitio de tarima interior barnizada<\/a>. Dedicado a las tarimas que vienen de f\u00e1brica barnizadas.<\/span><\/p>\n<p><a href=\"https:\/\/instalaciondetarimas.com\/tarima-exterior\/\" target=\"_blank\" rel=\"noopener sponsored\"><span style=\"font-size: medium; font-family: arial,helvetica,sans-serif;\">Sitio espec\u00edfico de tarima exterior<\/span><\/a>. <span style=\"font-size: medium; font-family: arial,helvetica,sans-serif;\">Dedicado a todo lo referido a suelos de tarima de exterior. Decks.<\/span><\/p>\n<p><span style=\"font-size: medium; font-family: arial,helvetica,sans-serif;\"><a href=\"https:\/\/instalaciondetarimas.com\/ofertas-de-tarima\/\" target=\"_blank\" rel=\"nofollow noopener sponsored\">Sitio de tarima de interior<\/a>. D\u00f3nde est\u00e1s ahora. Dedicado a todo lo referido a suelos de tarima maciza de interior.<\/span><\/p>\n<p><span style=\"font-size: medium; font-family: arial,helvetica,sans-serif;\"><a href=\"https:\/\/instalaciondetarimas.com\/enciclopedia-de-la-madera\/\" target=\"_blank\" rel=\"noopener sponsored\">Sitio Enciclopedia de la madera<\/a><\/span><\/p>\n<h3><strong><span style=\"color: #ff0000;\"><span style=\"color: #333333;\"><span style=\"color: #808080;\">M\u00f3vil<\/span> Whatsapp: <span style=\"color: #808080;\">0034<\/span> 636 52 04 08 \/ Fijo\u00a0<\/span><\/span><\/strong><strong><span style=\"color: #ff0000;\"><span style=\"color: #333333;\">\u00a091 890 51 61<\/span><\/span><\/strong><\/h3>\n<p>&nbsp;<\/p>\n<!--CusAds0-->\n<div style=\"font-size: 0px; height: 0px; line-height: 0px; margin: 0; padding: 0; clear: both;\"><\/div>","protected":false},"excerpt":{"rendered":"<p>Esto es un multisitio web, formado por distintas p\u00e1ginas. Est\u00e1s ahora en la secci\u00f3n tarima de madera maciza para interiores de instalaciondetarimas.com donde creamos contenidos sobre suelos de madera en el interior. Puedes acceder a otras secciones como: Sitio principal. Dedicado a todo lo referido a la construcci\u00f3n con madera. Sitio de tarima interior barnizada. [&hellip;]<\/p>\n","protected":false},"author":1,"featured_media":0,"parent":0,"menu_order":0,"comment_status":"closed","ping_status":"closed","template":"","meta":{"footnotes":""},"class_list":["post-1594","page","type-page","status-publish","hentry"],"yoast_head":"<!-- This site is optimized with the Yoast SEO plugin v27.1.1 - https:\/\/yoast.com\/product\/yoast-seo-wordpress\/ -->\n<title>SITIOS WEB - Ofertas de tarima maciza para suelos de interior<\/title>\n<meta name=\"robots\" content=\"index, follow, max-snippet:-1, max-image-preview:large, max-video-preview:-1\" \/>\n<link rel=\"canonical\" href=\"https:\/\/instalaciondetarimas.com\/madera-maciza-interior\/sitios-web\/\" \/>\n<meta property=\"og:locale\" content=\"es_ES\" \/>\n<meta property=\"og:type\" content=\"article\" \/>\n<meta property=\"og:title\" content=\"SITIOS WEB - Ofertas de tarima maciza para suelos de interior\" \/>\n<meta property=\"og:description\" content=\"Esto es un multisitio web, formado por distintas p\u00e1ginas. Est\u00e1s ahora en la secci\u00f3n tarima de madera maciza para interiores de instalaciondetarimas.com donde creamos contenidos sobre suelos de madera en el interior. Puedes acceder a otras secciones como: Sitio principal. Dedicado a todo lo referido a la construcci\u00f3n con madera. Sitio de tarima interior barnizada. [&hellip;]\" \/>\n<meta property=\"og:url\" content=\"https:\/\/instalaciondetarimas.com\/madera-maciza-interior\/sitios-web\/\" \/>\n<meta property=\"og:site_name\" content=\"Ofertas de tarima maciza para suelos de interior\" \/>\n<meta property=\"article:modified_time\" content=\"2022-07-24T09:31:33+00:00\" \/>\n<meta name=\"twitter:card\" content=\"summary_large_image\" \/>\n<meta name=\"twitter:label1\" content=\"Tiempo de lectura\" \/>\n\t<meta name=\"twitter:data1\" content=\"1 minuto\" \/>\n<script type=\"application\/ld+json\" class=\"yoast-schema-graph\">{\"@context\":\"https:\/\/schema.org\",\"@graph\":[{\"@type\":\"WebPage\",\"@id\":\"https:\/\/instalaciondetarimas.com\/madera-maciza-interior\/sitios-web\/\",\"url\":\"https:\/\/instalaciondetarimas.com\/madera-maciza-interior\/sitios-web\/\",\"name\":\"SITIOS WEB - Ofertas de tarima maciza para suelos de interior\",\"isPartOf\":{\"@id\":\"https:\/\/instalaciondetarimas.com\/madera-maciza-interior\/#website\"},\"datePublished\":\"2021-12-30T21:52:18+00:00\",\"dateModified\":\"2022-07-24T09:31:33+00:00\",\"breadcrumb\":{\"@id\":\"https:\/\/instalaciondetarimas.com\/madera-maciza-interior\/sitios-web\/#breadcrumb\"},\"inLanguage\":\"es\",\"potentialAction\":[{\"@type\":\"ReadAction\",\"target\":[\"https:\/\/instalaciondetarimas.com\/madera-maciza-interior\/sitios-web\/\"]}]},{\"@type\":\"BreadcrumbList\",\"@id\":\"https:\/\/instalaciondetarimas.com\/madera-maciza-interior\/sitios-web\/#breadcrumb\",\"itemListElement\":[{\"@type\":\"ListItem\",\"position\":1,\"name\":\"Portada\",\"item\":\"https:\/\/instalaciondetarimas.com\/madera-maciza-interior\/\"},{\"@type\":\"ListItem\",\"position\":2,\"name\":\"SITIOS WEB\"}]},{\"@type\":\"WebSite\",\"@id\":\"https:\/\/instalaciondetarimas.com\/madera-maciza-interior\/#website\",\"url\":\"https:\/\/instalaciondetarimas.com\/madera-maciza-interior\/\",\"name\":\"Ofertas de tarima maciza para suelos de interior\",\"description\":\"Ofertas de tarima maciza\",\"potentialAction\":[{\"@type\":\"SearchAction\",\"target\":{\"@type\":\"EntryPoint\",\"urlTemplate\":\"https:\/\/instalaciondetarimas.com\/madera-maciza-interior\/?s={search_term_string}\"},\"query-input\":{\"@type\":\"PropertyValueSpecification\",\"valueRequired\":true,\"valueName\":\"search_term_string\"}}],\"inLanguage\":\"es\"}]}<\/script>\n<!-- \/ Yoast SEO plugin. -->","yoast_head_json":{"title":"SITIOS WEB - Ofertas de tarima maciza para suelos de interior","robots":{"index":"index","follow":"follow","max-snippet":"max-snippet:-1","max-image-preview":"max-image-preview:large","max-video-preview":"max-video-preview:-1"},"canonical":"https:\/\/instalaciondetarimas.com\/madera-maciza-interior\/sitios-web\/","og_locale":"es_ES","og_type":"article","og_title":"SITIOS WEB - Ofertas de tarima maciza para suelos de interior","og_description":"Esto es un multisitio web, formado por distintas p\u00e1ginas. Est\u00e1s ahora en la secci\u00f3n tarima de madera maciza para interiores de instalaciondetarimas.com donde creamos contenidos sobre suelos de madera en el interior. Puedes acceder a otras secciones como: Sitio principal. Dedicado a todo lo referido a la construcci\u00f3n con madera. Sitio de tarima interior barnizada. [&hellip;]","og_url":"https:\/\/instalaciondetarimas.com\/madera-maciza-interior\/sitios-web\/","og_site_name":"Ofertas de tarima maciza para suelos de interior","article_modified_time":"2022-07-24T09:31:33+00:00","twitter_card":"summary_large_image","twitter_misc":{"Tiempo de lectura":"1 minuto"},"schema":{"@context":"https:\/\/schema.org","@graph":[{"@type":"WebPage","@id":"https:\/\/instalaciondetarimas.com\/madera-maciza-interior\/sitios-web\/","url":"https:\/\/instalaciondetarimas.com\/madera-maciza-interior\/sitios-web\/","name":"SITIOS WEB - Ofertas de tarima maciza para suelos de interior","isPartOf":{"@id":"https:\/\/instalaciondetarimas.com\/madera-maciza-interior\/#website"},"datePublished":"2021-12-30T21:52:18+00:00","dateModified":"2022-07-24T09:31:33+00:00","breadcrumb":{"@id":"https:\/\/instalaciondetarimas.com\/madera-maciza-interior\/sitios-web\/#breadcrumb"},"inLanguage":"es","potentialAction":[{"@type":"ReadAction","target":["https:\/\/instalaciondetarimas.com\/madera-maciza-interior\/sitios-web\/"]}]},{"@type":"BreadcrumbList","@id":"https:\/\/instalaciondetarimas.com\/madera-maciza-interior\/sitios-web\/#breadcrumb","itemListElement":[{"@type":"ListItem","position":1,"name":"Portada","item":"https:\/\/instalaciondetarimas.com\/madera-maciza-interior\/"},{"@type":"ListItem","position":2,"name":"SITIOS WEB"}]},{"@type":"WebSite","@id":"https:\/\/instalaciondetarimas.com\/madera-maciza-interior\/#website","url":"https:\/\/instalaciondetarimas.com\/madera-maciza-interior\/","name":"Ofertas de tarima maciza para suelos de interior","description":"Ofertas de tarima maciza","potentialAction":[{"@type":"SearchAction","target":{"@type":"EntryPoint","urlTemplate":"https:\/\/instalaciondetarimas.com\/madera-maciza-interior\/?s={search_term_string}"},"query-input":{"@type":"PropertyValueSpecification","valueRequired":true,"valueName":"search_term_string"}}],"inLanguage":"es"}]}},"_links":{"self":[{"href":"https:\/\/instalaciondetarimas.com\/madera-maciza-interior\/wp-json\/wp\/v2\/pages\/1594","targetHints":{"allow":["GET"]}}],"collection":[{"href":"https:\/\/instalaciondetarimas.com\/madera-maciza-interior\/wp-json\/wp\/v2\/pages"}],"about":[{"href":"https:\/\/instalaciondetarimas.com\/madera-maciza-interior\/wp-json\/wp\/v2\/types\/page"}],"author":[{"embeddable":true,"href":"https:\/\/instalaciondetarimas.com\/madera-maciza-interior\/wp-json\/wp\/v2\/users\/1"}],"replies":[{"embeddable":true,"href":"https:\/\/instalaciondetarimas.com\/madera-maciza-interior\/wp-json\/wp\/v2\/comments?post=1594"}],"version-history":[{"count":5,"href":"https:\/\/instalaciondetarimas.com\/madera-maciza-interior\/wp-json\/wp\/v2\/pages\/1594\/revisions"}],"predecessor-version":[{"id":1706,"href":"https:\/\/instalaciondetarimas.com\/madera-maciza-interior\/wp-json\/wp\/v2\/pages\/1594\/revisions\/1706"}],"wp:attachment":[{"href":"https:\/\/instalaciondetarimas.com\/madera-maciza-interior\/wp-json\/wp\/v2\/media?parent=1594"}],"curies":[{"name":"wp","href":"https:\/\/api.w.org\/{rel}","templated":true}]}}