{"id":243,"date":"2016-12-29T22:05:04","date_gmt":"2016-12-29T21:05:04","guid":{"rendered":"http:\/\/instalaciondetarimas.com\/enciclopedia-de-la-madera\/?page_id=243"},"modified":"2016-12-29T22:05:04","modified_gmt":"2016-12-29T21:05:04","slug":"politica-muestras-tarima-maciza","status":"publish","type":"page","link":"https:\/\/instalaciondetarimas.com\/enciclopedia-de-la-madera\/politica-muestras-tarima-maciza\/","title":{"rendered":"Pol\u00edtica de muestras de tarima maciza"},"content":{"rendered":"<p><strong><span style=\"font-size: medium; font-family: arial,helvetica,sans-serif;\">Pol\u00edtica de muestras de tarima maciza:<\/span><\/strong><\/p>\n<p><span style=\"font-size: medium; font-family: arial,helvetica,sans-serif;\">Debido a la imposibilidad de estar enviando muestras por tantas peticiones semanales est\u00e1 es nuestra nueva pol\u00edtica de muestras para evitar una repercusi\u00f3n negativa en los precios de la tarima:<\/span><\/p>\n<ol>\n<li><span style=\"font-size: medium; font-family: arial,helvetica,sans-serif;\">El cliente abonar\u00e1 los gastos de env\u00edo y devoluci\u00f3n de la muestra.<\/span><\/li>\n<li><span style=\"font-size: medium; font-family: arial,helvetica,sans-serif;\">El precio de cada muestra es de 38 euros. Si el cliente devuelve la muestra se le reintegrar\u00e1n los 38 euros por muestra.<\/span><\/li>\n<li><span style=\"font-size: medium; font-family: arial,helvetica,sans-serif;\">En el caso de que el cliente realice una compra,&nbsp;una vez retornada la muestra, se le restar\u00e1n los gastos de env\u00edo y de devoluci\u00f3n del presupuesto aceptado.<\/span><\/li>\n<\/ol>\n<p><span style=\"font-size: medium; font-family: arial,helvetica,sans-serif;\">El cliente debe entender que el env\u00edo de una muestras supone desempaquetar una caja de tarima que ya no se podr\u00e1 comercializar. A lo largo del tiempo esto supone un importante gasto material que al final perjudica en el precio de nuestros productos. Lo que supone un encarecimiento innecesario. Entendemos que nuestro p\u00fablico objetivo, que busca productos de alta calidad, no debe pagar un sobrecoste innecesario.<br \/>\n<\/span><\/p>\n<p><span style=\"font-size: medium; font-family: arial,helvetica,sans-serif;\">| Venta directa en Espa\u00f1a y cualquier parte de Europa | <strong>636 52 04 08<\/strong> | <strong>91 890 51 61<\/strong> | <span style=\"font-size: medium;\"><a title=\"mailto:tarima@instalaciondetarimas.com?subject=\" href=\"mailto:tarima@instalaciondetarimas.com?subject=\">tarima@instalaciondetarimas.com<\/a><\/span> | | <a href=\"https:\/\/plus.google.com\/+Instalaciondetarimas\/posts\" target=\"_blank\">Puedes seguirnos en Google +&nbsp; <\/a>| <a href=\"https:\/\/www.facebook.com\/instalacionyventadetarimas\/\" target=\"_blank\">Facebook<\/a> | C\/ Retama 8. A. Puerta 19. 28200. Madrid |<br \/>\n<\/span><\/p>\n<!--CusAds0-->\n<div style=\"font-size: 0px; height: 0px; line-height: 0px; margin: 0; padding: 0; clear: both;\"><\/div>","protected":false},"excerpt":{"rendered":"<p>Pol\u00edtica de muestras de tarima maciza: Debido a la imposibilidad de estar enviando muestras por tantas peticiones semanales est\u00e1 es nuestra nueva pol\u00edtica de muestras para evitar una repercusi\u00f3n negativa en los precios de la tarima: El cliente abonar\u00e1 los gastos de env\u00edo y devoluci\u00f3n de la muestra. El precio de cada muestra es de [&hellip;]<\/p>\n","protected":false},"author":1,"featured_media":0,"parent":0,"menu_order":0,"comment_status":"closed","ping_status":"closed","template":"","meta":{"footnotes":""},"class_list":["post-243","page","type-page","status-publish","hentry"],"yoast_head":"<!-- This site is optimized with the Yoast SEO plugin v27.1.1 - https:\/\/yoast.com\/product\/yoast-seo-wordpress\/ -->\n<title>Pol\u00edtica de muestras de tarima maciza - enciclopedia de la madera y definiciones<\/title>\n<meta name=\"robots\" content=\"index, follow, max-snippet:-1, max-image-preview:large, max-video-preview:-1\" \/>\n<link rel=\"canonical\" href=\"https:\/\/instalaciondetarimas.com\/enciclopedia-de-la-madera\/politica-muestras-tarima-maciza\/\" \/>\n<meta property=\"og:locale\" content=\"es_ES\" \/>\n<meta property=\"og:type\" content=\"article\" \/>\n<meta property=\"og:title\" content=\"Pol\u00edtica de muestras de tarima maciza - enciclopedia de la madera y definiciones\" \/>\n<meta property=\"og:description\" content=\"Pol\u00edtica de muestras de tarima maciza: Debido a la imposibilidad de estar enviando muestras por tantas peticiones semanales est\u00e1 es nuestra nueva pol\u00edtica de muestras para evitar una repercusi\u00f3n negativa en los precios de la tarima: El cliente abonar\u00e1 los gastos de env\u00edo y devoluci\u00f3n de la muestra. El precio de cada muestra es de [&hellip;]\" \/>\n<meta property=\"og:url\" content=\"https:\/\/instalaciondetarimas.com\/enciclopedia-de-la-madera\/politica-muestras-tarima-maciza\/\" \/>\n<meta property=\"og:site_name\" content=\"enciclopedia de la madera y definiciones\" \/>\n<meta name=\"twitter:card\" content=\"summary_large_image\" \/>\n<meta name=\"twitter:label1\" content=\"Tiempo de lectura\" \/>\n\t<meta name=\"twitter:data1\" content=\"1 minuto\" \/>\n<script type=\"application\/ld+json\" class=\"yoast-schema-graph\">{\"@context\":\"https:\/\/schema.org\",\"@graph\":[{\"@type\":\"WebPage\",\"@id\":\"https:\/\/instalaciondetarimas.com\/enciclopedia-de-la-madera\/politica-muestras-tarima-maciza\/\",\"url\":\"https:\/\/instalaciondetarimas.com\/enciclopedia-de-la-madera\/politica-muestras-tarima-maciza\/\",\"name\":\"Pol\u00edtica de muestras de tarima maciza - enciclopedia de la madera y definiciones\",\"isPartOf\":{\"@id\":\"https:\/\/instalaciondetarimas.com\/enciclopedia-de-la-madera\/#website\"},\"datePublished\":\"2016-12-29T21:05:04+00:00\",\"breadcrumb\":{\"@id\":\"https:\/\/instalaciondetarimas.com\/enciclopedia-de-la-madera\/politica-muestras-tarima-maciza\/#breadcrumb\"},\"inLanguage\":\"es\",\"potentialAction\":[{\"@type\":\"ReadAction\",\"target\":[\"https:\/\/instalaciondetarimas.com\/enciclopedia-de-la-madera\/politica-muestras-tarima-maciza\/\"]}]},{\"@type\":\"BreadcrumbList\",\"@id\":\"https:\/\/instalaciondetarimas.com\/enciclopedia-de-la-madera\/politica-muestras-tarima-maciza\/#breadcrumb\",\"itemListElement\":[{\"@type\":\"ListItem\",\"position\":1,\"name\":\"Portada\",\"item\":\"https:\/\/instalaciondetarimas.com\/enciclopedia-de-la-madera\/\"},{\"@type\":\"ListItem\",\"position\":2,\"name\":\"Pol\u00edtica de muestras de tarima maciza\"}]},{\"@type\":\"WebSite\",\"@id\":\"https:\/\/instalaciondetarimas.com\/enciclopedia-de-la-madera\/#website\",\"url\":\"https:\/\/instalaciondetarimas.com\/enciclopedia-de-la-madera\/\",\"name\":\"enciclopedia de la madera y definiciones\",\"description\":\"enciclopedia de la madera\",\"potentialAction\":[{\"@type\":\"SearchAction\",\"target\":{\"@type\":\"EntryPoint\",\"urlTemplate\":\"https:\/\/instalaciondetarimas.com\/enciclopedia-de-la-madera\/?s={search_term_string}\"},\"query-input\":{\"@type\":\"PropertyValueSpecification\",\"valueRequired\":true,\"valueName\":\"search_term_string\"}}],\"inLanguage\":\"es\"}]}<\/script>\n<!-- \/ Yoast SEO plugin. -->","yoast_head_json":{"title":"Pol\u00edtica de muestras de tarima maciza - enciclopedia de la madera y definiciones","robots":{"index":"index","follow":"follow","max-snippet":"max-snippet:-1","max-image-preview":"max-image-preview:large","max-video-preview":"max-video-preview:-1"},"canonical":"https:\/\/instalaciondetarimas.com\/enciclopedia-de-la-madera\/politica-muestras-tarima-maciza\/","og_locale":"es_ES","og_type":"article","og_title":"Pol\u00edtica de muestras de tarima maciza - enciclopedia de la madera y definiciones","og_description":"Pol\u00edtica de muestras de tarima maciza: Debido a la imposibilidad de estar enviando muestras por tantas peticiones semanales est\u00e1 es nuestra nueva pol\u00edtica de muestras para evitar una repercusi\u00f3n negativa en los precios de la tarima: El cliente abonar\u00e1 los gastos de env\u00edo y devoluci\u00f3n de la muestra. El precio de cada muestra es de [&hellip;]","og_url":"https:\/\/instalaciondetarimas.com\/enciclopedia-de-la-madera\/politica-muestras-tarima-maciza\/","og_site_name":"enciclopedia de la madera y definiciones","twitter_card":"summary_large_image","twitter_misc":{"Tiempo de lectura":"1 minuto"},"schema":{"@context":"https:\/\/schema.org","@graph":[{"@type":"WebPage","@id":"https:\/\/instalaciondetarimas.com\/enciclopedia-de-la-madera\/politica-muestras-tarima-maciza\/","url":"https:\/\/instalaciondetarimas.com\/enciclopedia-de-la-madera\/politica-muestras-tarima-maciza\/","name":"Pol\u00edtica de muestras de tarima maciza - enciclopedia de la madera y definiciones","isPartOf":{"@id":"https:\/\/instalaciondetarimas.com\/enciclopedia-de-la-madera\/#website"},"datePublished":"2016-12-29T21:05:04+00:00","breadcrumb":{"@id":"https:\/\/instalaciondetarimas.com\/enciclopedia-de-la-madera\/politica-muestras-tarima-maciza\/#breadcrumb"},"inLanguage":"es","potentialAction":[{"@type":"ReadAction","target":["https:\/\/instalaciondetarimas.com\/enciclopedia-de-la-madera\/politica-muestras-tarima-maciza\/"]}]},{"@type":"BreadcrumbList","@id":"https:\/\/instalaciondetarimas.com\/enciclopedia-de-la-madera\/politica-muestras-tarima-maciza\/#breadcrumb","itemListElement":[{"@type":"ListItem","position":1,"name":"Portada","item":"https:\/\/instalaciondetarimas.com\/enciclopedia-de-la-madera\/"},{"@type":"ListItem","position":2,"name":"Pol\u00edtica de muestras de tarima maciza"}]},{"@type":"WebSite","@id":"https:\/\/instalaciondetarimas.com\/enciclopedia-de-la-madera\/#website","url":"https:\/\/instalaciondetarimas.com\/enciclopedia-de-la-madera\/","name":"enciclopedia de la madera y definiciones","description":"enciclopedia de la madera","potentialAction":[{"@type":"SearchAction","target":{"@type":"EntryPoint","urlTemplate":"https:\/\/instalaciondetarimas.com\/enciclopedia-de-la-madera\/?s={search_term_string}"},"query-input":{"@type":"PropertyValueSpecification","valueRequired":true,"valueName":"search_term_string"}}],"inLanguage":"es"}]}},"_links":{"self":[{"href":"https:\/\/instalaciondetarimas.com\/enciclopedia-de-la-madera\/wp-json\/wp\/v2\/pages\/243","targetHints":{"allow":["GET"]}}],"collection":[{"href":"https:\/\/instalaciondetarimas.com\/enciclopedia-de-la-madera\/wp-json\/wp\/v2\/pages"}],"about":[{"href":"https:\/\/instalaciondetarimas.com\/enciclopedia-de-la-madera\/wp-json\/wp\/v2\/types\/page"}],"author":[{"embeddable":true,"href":"https:\/\/instalaciondetarimas.com\/enciclopedia-de-la-madera\/wp-json\/wp\/v2\/users\/1"}],"replies":[{"embeddable":true,"href":"https:\/\/instalaciondetarimas.com\/enciclopedia-de-la-madera\/wp-json\/wp\/v2\/comments?post=243"}],"version-history":[{"count":0,"href":"https:\/\/instalaciondetarimas.com\/enciclopedia-de-la-madera\/wp-json\/wp\/v2\/pages\/243\/revisions"}],"wp:attachment":[{"href":"https:\/\/instalaciondetarimas.com\/enciclopedia-de-la-madera\/wp-json\/wp\/v2\/media?parent=243"}],"curies":[{"name":"wp","href":"https:\/\/api.w.org\/{rel}","templated":true}]}}