{"id":33,"date":"2017-04-17T11:32:36","date_gmt":"2017-04-17T11:32:36","guid":{"rendered":"http:\/\/instalaciondetarimas.com\/clientes\/?page_id=33"},"modified":"2017-04-18T12:17:04","modified_gmt":"2017-04-18T12:17:04","slug":"modelo-de-contrato-con-garantia","status":"publish","type":"page","link":"https:\/\/instalaciondetarimas.com\/clientes\/modelo-de-contrato-con-garantia\/","title":{"rendered":"Modelo de contrato con garant\u00eda"},"content":{"rendered":"<p>BORRADOR DEL CONTRATO DE TARIMA DE&#8230;.<\/p>\n<p><strong>PRIMERA.-<\/strong> Constituye el objeto del presente contrato la venta de la tarima exterior de &#8230;&#8230;&#8230;&#8230;&#8230;..con certificado europeo tratada en f\u00e1brica con el producto de mantenimiento Sikkens y los accesorios detallados en el presupuesto enviado al cliente.<\/p>\n<p>\u00abEn el contrato se especifican los materiales y sus calidades\u00bb<\/p>\n<p>Grapia con Sikkens y certificado europeo y Certificados AENOR, IQNET y FSC.<wbr \/>&#8230;&#8230;&#8230;&#8230;&#8230;&#8230;&#8230;&#8230;<wbr \/>..<wbr \/>x m2. \u00a0<wbr \/><br \/>\nFijaciones de acero INOX AISI 316\u00a0<wbr \/> A4.<wbr \/>&#8230;&#8230;&#8230;&#8230;&#8230;&#8230;&#8230;&#8230;&#8230;.x<wbr \/> grapas y &#8230;..x tornillos.\u00a0<wbr \/> \u00a0<wbr \/><br \/>\nRastrel tropical de 50x30x2.400 mm&#8230;&#8230;&#8230;&#8230;&#8230;&#8230;&#8230;&#8230;.x metros lineales<br \/>\nAdhesivo r\u00edgido UHU PU MAX\u00a0<wbr \/>\u00a0<wbr \/> x unidades<br \/>\nAdhesivo el\u00e1stico UHU Poly MAX&#8230;&#8230;&#8230;&#8230;&#8230;&#8230;&#8230;&#8230;.x unidades<br \/>\nTaco clavo W\u00fcrtht Acero INOX\u00a0<wbr \/> A2 \u00d3 A4 seg\u00fan presupuesto.<wbr \/>&#8230;&#8230;&#8230;&#8230;&#8230;&#8230;&#8230;&#8230;x<wbr \/> unidades<br \/>\nCetol Sikkens W711.<wbr \/>&#8230;&#8230;&#8230;&#8230;&#8230;&#8230;&#8230;&#8230;x<wbr \/> litros para retoques\u00a0<wbr \/>\u00a0<wbr \/>\u00a0<wbr \/>\u00a0<wbr \/>\u00a0<wbr \/>\u00a0<wbr \/><\/p>\n<p><wbr \/>\u00a0<wbr \/>\u00a0<wbr \/>\u00a0<wbr \/>\u00a0<wbr \/>\u00a0<wbr \/>\u00a0<wbr \/>\u00a0<wbr \/>\u00a0<wbr \/>\u00a0<wbr \/>\u00a0<wbr \/>\u00a0<wbr \/>\u00a0<wbr \/>\u00a0<wbr \/>\u00a0<wbr \/>\u00a0<wbr \/>\u00a0<wbr \/>\u00a0<wbr \/>\u00a0<wbr \/>\u00a0<wbr \/>\u00a0<wbr \/>\u00a0<wbr \/>\u00a0<wbr \/>\u00a0<wbr \/>\u00a0<wbr \/>\u00a0<wbr \/>\u00a0<wbr \/>\u00a0<wbr \/>\u00a0<wbr \/>\u00a0<wbr \/>\u00a0<wbr \/>\u00a0<wbr \/>\u00a0<wbr \/>\u00a0<wbr \/>\u00a0<wbr \/>\u00a0<wbr \/>\u00a0<wbr \/>\u00a0<wbr \/>\u00a0<wbr \/>\u00a0<wbr \/>\u00a0<wbr \/>\u00a0<wbr \/>\u00a0<wbr \/>\u00a0<wbr \/>\u00a0<wbr \/>\u00a0<wbr \/>\u00a0<wbr \/>\u00a0<wbr \/>\u00a0<wbr \/>\u00a0<wbr \/>\u00a0<wbr \/>\u00a0<wbr \/>\u00a0<wbr \/>\u00a0<wbr \/>\u00a0<wbr \/>\u00a0<wbr \/>\u00a0<wbr \/>\u00a0<wbr \/>\u00a0<wbr \/>\u00a0<wbr \/>\u00a0<wbr \/>\u00a0<wbr \/>\u00a0<wbr \/>\u00a0<wbr \/>\u00a0<wbr \/>\u00a0<wbr \/>\u00a0<wbr \/>\u00a0<wbr \/>\u00a0<wbr \/>\u00a0<wbr \/>\u00a0<wbr \/>\u00a0<wbr \/>\u00a0<wbr \/>\u00a0<wbr \/>\u00a0<wbr \/>\u00a0<wbr \/>\u00a0<wbr \/>\u00a0<wbr \/>\u00a0<wbr \/>\u00a0<wbr \/>\u00a0<wbr \/>\u00a0<wbr \/>\u00a0<wbr \/>\u00a0<wbr \/>\u00a0<wbr \/>\u00a0<wbr \/>\u00a0<wbr \/> \u00a0<wbr \/><br \/>\nCabe a\u00f1adir no se va a escatimar en accesorios, que si fueran necesarios m\u00e1s accesorios se incluirian sin coste siempre que no sobrepasen de un 10% sobre las mediciones indicadas por el cliente\u00bb<\/p>\n<p><strong>SEGUNDA. &#8211; CALIDAD PREMIUM.<\/strong><\/p>\n<p>La tarima cumple la normativa de fabricaci\u00f3n estabecida por la Uni\u00f3n Europea, <strong>UNE<\/strong>, para tarimas empleadas en el exterior, lleva los certificados <strong>AENOR, IQNET y FSC,<\/strong> tambi\u00e9n indicado en los paquetes con su n\u00famero de serie. Lo que garantizan respectivamente la fabricaci\u00f3n siguiendo la normativa europea en cuanto a secados de la madera e idoneidad en el modo de fabricaci\u00f3n; la responsabilidad social corporativa que implica que no procede de talas ilegales y que no se ha explotado a la poblaci\u00f3n o que se ha beneficiado al entorno de donde procede.<\/p>\n<p><strong>Hay que se\u00f1alar que un certificado europeo es m\u00e1s exigente que uno extranjero. Por ejemplo la normativa de secado de la madera al 12% para el exterior en Europa es muy riguroso, mientras que en el extranjero se emiten certificados de dudosa credibilidad y con secadosmmenores que suponen mermas en el tama\u00f1o de las tarimas en poco tiempo.<br \/>\n<\/strong><\/p>\n<p>Los materiales empleados son de primera calidad y marcas, acero inoxidable A4 para fijar los rastreles y accesorios de acero inoxidable A4 para fijar la tarima. As\u00ed como adhesivos de calidad D4 para exterior de la marca Whurth Multicraft. \u00a0<wbr \/><\/p>\n<p>La tarima se entrega en las medidas de, 95 mm de ancho y 21 mm de espesor medidas de longitud entre 600 mm y de 2.400 mm hasta completar los x m2.<\/p>\n<p><strong>MANTENIMIENTO<\/strong><\/p>\n<p>La tarima de grapia vienen con un mantenimento de f\u00e1brica para el primer a\u00f1o. \u00c9ste se ha realizado sumergiendo la tarima en el Cetol W711 de Sikkens, a continuaci\u00f3n se ha secado con aire caliente para lograr m\u00e1s penetraci\u00f3n. Este proceso se ha realizado dos veces.<\/p>\n<p><strong>TERCERA. &#8211; GARANT\u00cdA DE HASTA 10 A\u00d1OS CON COMPROMISO DE MANTENIMIENTO<\/strong><\/p>\n<p>INSTALACIONDETARIMAS.COM da una garantia real de 10 a\u00f1os de materiales y mano de obra. La calidad de los materiales permiten dar una garant\u00eda de 10 a\u00f1os. A cambio el cliente se debe comprometer a hacer el mantenimiento por si mismo comprando el producto de mantenimiento a\u00a0<wbr \/> INSTALACIONDETARIMAS.COM o contratar el mantenimiento a INSTALACIONDETARIMAS.COM. El producto de mantenimiento cuesta 18,60 \u20ac m\u00e1s el IVA y los gastos de envio, a precio de hoy.<\/p>\n<p>La tarima como viene tratada tiene 12 meses de garant\u00eda y 108 meses m\u00e1s con el compromiso de mantenimiento.<\/p>\n<p><strong>Hay que destacar que la garant\u00eda lo dan los\u00a0 propios materiales y la calidad de la instalaci\u00f3n. De nada va servir la mejor madera del mundo instalada sobre un rastrel con autoclave C1 si el rastrel de autoclave dura s\u00f3lo 4 a\u00f1os. Dar garant\u00edas superiores a la duraci\u00f3n de los materiales es un enga\u00f1o. El rastrel tropical por el contrario tiene una duraci\u00f3n que permite ofrecer 10 a\u00f1os de garant\u00eda con tranquilidad. La garant\u00eda verdadera la ofrece una instalaci\u00f3n rigurosa.<br \/>\n<\/strong><\/p>\n<p><strong>LA FALTA DE MANTENIMIENTO ANULA LA GARANT\u00cdA<\/strong><\/p>\n<p>El primer a\u00f1o el cliente tiene el mantenimiento incluido y el segundo tambi\u00e9n a cambio de un comentario positivo en internet,\u00a0<wbr \/> se regalar\u00e1 un litro de Cetol W711 , estamos seguros de que quedar\u00e1n satisfechos: <a href=\"https:\/\/g.co\/kgs\/E1Ksge\" target=\"_blank\" rel=\"noopener\">https:\/\/g.co\/kgs\/E1Ksge<\/a><\/p>\n<p>Para climas muy secos recomendamos instalar un sistemna de aspersi\u00f3n de agua. Una bomba de aspersi\u00f3n buena cuesta unos 50 euros y los materiales de instalaci\u00f3n menos.<\/p>\n<p>La tarima tropical resiste sobradamente la humedad, lo que no resiste es estar encharcada, por eso la instalaci\u00f3n debe ser muy rigurosa para lograr que las aguas se evacuen. Y que la estructura que la soporta no dificulte esto.<\/p>\n<p>El mantenimiento es en realidad para que la madera no se deshidrate, la falta de mantenimiento conduce a que la tarima se reseque y se agriete. En el momento que observemos que la tarima ha perdido color se debe aplicar el mantenimiento. Es por esta raz\u00f3n porla que un sistema de riego funcionando por la noche en verano mantiene la higroscopicidad de la madera y es un buen sistema extra de mantenimiento.<\/p>\n<p><strong>CUARTA.<\/strong>&#8211; D. &#8230;&#8230;&#8230;&#8230;&#8230;&#8230;&#8230;&#8230;&#8230;.. se obliga a pagar los materiales descritos en el presupuesto,&#8230;&#8230;&#8230;&#8230;&#8230;.,\u00a0<wbr \/> con IVA y transporte incluido , conforme al presupuesto adjunto que se acepta expresamente. Los pagos s\u00f3lo se pueden realizar mediante ingresos o transferencias bancarias. Y la cantidad en mano de&#8230;&#8230;&#8230;&#8230;&#8230;&#8230;. con entrega de un recib\u00ed.<\/p>\n<p><strong>QUINTA<\/strong> .- Respecto al pago del precio presupuestado y aceptado por el cliente, se abonar\u00e1 los materiales por anticipado.El cliente debe de saber que el tratamiento de manenimiento con Sikkens requiere 5 d\u00edas para la f\u00e1brica. Y que las entregas desde la f\u00e1brica al punto de entrega necesitan al menos 5 d\u00edas y otros 4 d\u00edas m\u00e1s de margen por temas de log\u00edstica. Cabe a\u00f1adir que en ocasiones puede haber retrasos por parte de la agencia de transporte de los cuales no somos responsables. En el caso de accidentes los materiales van asegurados y el cliente recibir\u00eda el cobro mediante las aseguradoras del transportista en el plazo de una semana aproximadamente.<\/p>\n<p><strong>SEXTA<\/strong>.-Para agilizar la entrega se le facilitar\u00e1 a la agencia de transporte los siguientes datos del cliente: nombre, tel\u00e9fono de contacto y direcci\u00f3n de entrega. Normalmente trabajamos con la agencia XPO. El albar\u00e1n de entrega de la agencia de transporte reflejar\u00e1 los materiales del pedido, que van embalados de modo que no se puedan producir extrav\u00edos. En caso de cambio de agencia se le comunicar\u00e1 al cliente.<\/p>\n<p><strong>NOVENA<\/strong>.- DEVOLUCIONES. En el caso de que se realice la transferencia y no se haya comenzado la fabricaci\u00f3n se devolver\u00e1 el 100% del importe de la tarima. En el caso de que se haya empezado a fabricar el material de un modo espec\u00edfco y el cliente solicite la devoluci\u00f3n se cobrar\u00e1 en concepto de arranque de m\u00e1quinas y gestiones un 30%. En el caso de que el cliente reciba el material en perfecto estado, sin ning\u00fan tipo de defectos, el cliente correr\u00e1 con los gastos ocasionales de devoluci\u00f3n y el 30% de gastos del arranque de las m\u00e1quinas de un modo espef\u00edcfico para este cliente. Los paquetes desprecintados no se aceptar\u00e1n.<\/p>\n<p><strong>D\u00c9CIMA<\/strong> .-En relaci\u00f3n con cualquier duda o conflicto que surja con motivo de la interpretaci\u00f3n o cumplimiento de este contrato, las partes acuerdan someterse a la jurisdicci\u00f3n de los Juzgados y Tribunales de Madrid, con renuncia al fuero que pudiera corresponderles.<\/p>\n<p><strong>UND\u00c9CIMA<\/strong>.- En todo lo no previsto en el presente contrato se estar\u00e1 a lo establecido en el C\u00f3digo Civil y dem\u00e1s normas de aplicaci\u00f3n.<\/p>\n<p><strong>DOUD\u00c9CIMA<\/strong>.- En el caso de que la extinci\u00f3n contractual traiga su causa de un incumplimiento del contrato, la parte que haya incumplido sus obligaciones correr\u00e1 con todos los gastos que ello origine.<\/p>\n<p>Y, en prueba de conformidad, ambas partes extienden y suscriben, por duplicado ejemplar, el presente contrato, en el lugar y fecha referenciados en el encabezamiento.<\/p>\n<div class=\"ox-d2fb9f408f-io-ox-signature\">\n<p>M\u00e1ximo Ribas Loureiro<\/p>\n<p><img loading=\"lazy\" decoding=\"async\" class=\"size-full wp-image-4102 alignleft\" src=\"https:\/\/instalaciondetarimas.com\/wp-content\/uploads\/instalaciondetariams.jpg\" alt=\"\" width=\"91\" height=\"74\" \/><\/p>\n<\/div>\n<div class=\"ox-d2fb9f408f-io-ox-signature\">\n<p><img loading=\"lazy\" decoding=\"async\" class=\"size-full wp-image-4103 alignleft\" src=\"https:\/\/instalaciondetarimas.com\/wp-content\/uploads\/ok-1.jpg\" alt=\"\" width=\"20\" height=\"16\" \/>Calidad de instalaci\u00f3n premium<\/p>\n<p><img loading=\"lazy\" decoding=\"async\" class=\"size-full wp-image-4103 alignleft\" src=\"https:\/\/instalaciondetarimas.com\/wp-content\/uploads\/ok-1.jpg\" alt=\"\" width=\"20\" height=\"16\" \/>Productos de primera calidad<\/p>\n<p>C\/ Retama 8. A. Puerta 19<\/p>\n<p>San Lorenzo de EL Escorial<\/p>\n<p>28200 Madrid<\/p>\n<p><a href=\"https:\/\/instalaciondetarimas.com\/\" target=\"_blank\" data-saferedirecturl=\"https:\/\/www.google.com\/url?hl=es&amp;q=https:\/\/instalaciondetarimas.com\/&amp;source=gmail&amp;ust=1490343834853000&amp;usg=AFQjCNG7I3jXAzMUnn-VQ5JfHhcF95BEjQ\">www.instalaciondetarimas.com<\/a><\/p>\n<p>91 890 51 61 \/ 636 52 04 08<\/p>\n<\/div>\n<!--CusAds0-->\n<div style=\"font-size: 0px; height: 0px; line-height: 0px; margin: 0; padding: 0; clear: both;\"><\/div>","protected":false},"excerpt":{"rendered":"<p>BORRADOR DEL CONTRATO DE TARIMA DE&#8230;. PRIMERA.- Constituye el objeto del presente contrato la venta de la tarima exterior de &#8230;&#8230;&#8230;&#8230;&#8230;..con certificado europeo tratada en f\u00e1brica con el producto de mantenimiento Sikkens y los accesorios detallados en el presupuesto enviado al cliente. \u00abEn el contrato se especifican los materiales y sus calidades\u00bb Grapia con Sikkens &hellip; <\/p>\n<p class=\"link-more\"><a href=\"https:\/\/instalaciondetarimas.com\/clientes\/modelo-de-contrato-con-garantia\/\" class=\"more-link\">Seguir leyendo<span class=\"screen-reader-text\"> \u00abModelo de contrato con garant\u00eda\u00bb<\/span><\/a><\/p>\n","protected":false},"author":1,"featured_media":0,"parent":0,"menu_order":0,"comment_status":"closed","ping_status":"closed","template":"","meta":{"footnotes":""},"class_list":["post-33","page","type-page","status-publish","hentry","entry"],"yoast_head":"<!-- This site is optimized with the Yoast SEO plugin v27.1.1 - https:\/\/yoast.com\/product\/yoast-seo-wordpress\/ -->\n<title>Modelo de contrato con garant\u00eda - clientes<\/title>\n<meta name=\"robots\" content=\"index, follow, max-snippet:-1, max-image-preview:large, max-video-preview:-1\" \/>\n<link rel=\"canonical\" href=\"https:\/\/instalaciondetarimas.com\/clientes\/modelo-de-contrato-con-garantia\/\" \/>\n<meta property=\"og:locale\" content=\"es_ES\" \/>\n<meta property=\"og:type\" content=\"article\" \/>\n<meta property=\"og:title\" content=\"Modelo de contrato con garant\u00eda - clientes\" \/>\n<meta property=\"og:description\" content=\"BORRADOR DEL CONTRATO DE TARIMA DE&#8230;. PRIMERA.- Constituye el objeto del presente contrato la venta de la tarima exterior de &#8230;&#8230;&#8230;&#8230;&#8230;..con certificado europeo tratada en f\u00e1brica con el producto de mantenimiento Sikkens y los accesorios detallados en el presupuesto enviado al cliente. \u00abEn el contrato se especifican los materiales y sus calidades\u00bb Grapia con Sikkens &hellip; Seguir leyendo \u00abModelo de contrato con garant\u00eda\u00bb\" \/>\n<meta property=\"og:url\" content=\"https:\/\/instalaciondetarimas.com\/clientes\/modelo-de-contrato-con-garantia\/\" \/>\n<meta property=\"og:site_name\" content=\"clientes\" \/>\n<meta property=\"article:modified_time\" content=\"2017-04-18T12:17:04+00:00\" \/>\n<meta property=\"og:image\" content=\"https:\/\/instalaciondetarimas.com\/wp-content\/uploads\/instalaciondetariams.jpg\" \/>\n<meta name=\"twitter:card\" content=\"summary_large_image\" \/>\n<meta name=\"twitter:label1\" content=\"Tiempo de lectura\" \/>\n\t<meta name=\"twitter:data1\" content=\"7 minutos\" \/>\n<script type=\"application\/ld+json\" class=\"yoast-schema-graph\">{\"@context\":\"https:\/\/schema.org\",\"@graph\":[{\"@type\":\"WebPage\",\"@id\":\"https:\/\/instalaciondetarimas.com\/clientes\/modelo-de-contrato-con-garantia\/\",\"url\":\"https:\/\/instalaciondetarimas.com\/clientes\/modelo-de-contrato-con-garantia\/\",\"name\":\"Modelo de contrato con garant\u00eda - clientes\",\"isPartOf\":{\"@id\":\"https:\/\/instalaciondetarimas.com\/clientes\/#website\"},\"primaryImageOfPage\":{\"@id\":\"https:\/\/instalaciondetarimas.com\/clientes\/modelo-de-contrato-con-garantia\/#primaryimage\"},\"image\":{\"@id\":\"https:\/\/instalaciondetarimas.com\/clientes\/modelo-de-contrato-con-garantia\/#primaryimage\"},\"thumbnailUrl\":\"https:\/\/instalaciondetarimas.com\/wp-content\/uploads\/instalaciondetariams.jpg\",\"datePublished\":\"2017-04-17T11:32:36+00:00\",\"dateModified\":\"2017-04-18T12:17:04+00:00\",\"breadcrumb\":{\"@id\":\"https:\/\/instalaciondetarimas.com\/clientes\/modelo-de-contrato-con-garantia\/#breadcrumb\"},\"inLanguage\":\"es\",\"potentialAction\":[{\"@type\":\"ReadAction\",\"target\":[\"https:\/\/instalaciondetarimas.com\/clientes\/modelo-de-contrato-con-garantia\/\"]}]},{\"@type\":\"ImageObject\",\"inLanguage\":\"es\",\"@id\":\"https:\/\/instalaciondetarimas.com\/clientes\/modelo-de-contrato-con-garantia\/#primaryimage\",\"url\":\"https:\/\/instalaciondetarimas.com\/wp-content\/uploads\/instalaciondetariams.jpg\",\"contentUrl\":\"https:\/\/instalaciondetarimas.com\/wp-content\/uploads\/instalaciondetariams.jpg\"},{\"@type\":\"BreadcrumbList\",\"@id\":\"https:\/\/instalaciondetarimas.com\/clientes\/modelo-de-contrato-con-garantia\/#breadcrumb\",\"itemListElement\":[{\"@type\":\"ListItem\",\"position\":1,\"name\":\"Portada\",\"item\":\"https:\/\/instalaciondetarimas.com\/clientes\/\"},{\"@type\":\"ListItem\",\"position\":2,\"name\":\"Modelo de contrato con garant\u00eda\"}]},{\"@type\":\"WebSite\",\"@id\":\"https:\/\/instalaciondetarimas.com\/clientes\/#website\",\"url\":\"https:\/\/instalaciondetarimas.com\/clientes\/\",\"name\":\"clientes\",\"description\":\"Otro sitio m\u00e1s de Sitios de Instalaci\u00f3n y venta de Tarimas de exterior en interior\",\"potentialAction\":[{\"@type\":\"SearchAction\",\"target\":{\"@type\":\"EntryPoint\",\"urlTemplate\":\"https:\/\/instalaciondetarimas.com\/clientes\/?s={search_term_string}\"},\"query-input\":{\"@type\":\"PropertyValueSpecification\",\"valueRequired\":true,\"valueName\":\"search_term_string\"}}],\"inLanguage\":\"es\"}]}<\/script>\n<!-- \/ Yoast SEO plugin. -->","yoast_head_json":{"title":"Modelo de contrato con garant\u00eda - clientes","robots":{"index":"index","follow":"follow","max-snippet":"max-snippet:-1","max-image-preview":"max-image-preview:large","max-video-preview":"max-video-preview:-1"},"canonical":"https:\/\/instalaciondetarimas.com\/clientes\/modelo-de-contrato-con-garantia\/","og_locale":"es_ES","og_type":"article","og_title":"Modelo de contrato con garant\u00eda - clientes","og_description":"BORRADOR DEL CONTRATO DE TARIMA DE&#8230;. PRIMERA.- Constituye el objeto del presente contrato la venta de la tarima exterior de &#8230;&#8230;&#8230;&#8230;&#8230;..con certificado europeo tratada en f\u00e1brica con el producto de mantenimiento Sikkens y los accesorios detallados en el presupuesto enviado al cliente. \u00abEn el contrato se especifican los materiales y sus calidades\u00bb Grapia con Sikkens &hellip; Seguir leyendo \u00abModelo de contrato con garant\u00eda\u00bb","og_url":"https:\/\/instalaciondetarimas.com\/clientes\/modelo-de-contrato-con-garantia\/","og_site_name":"clientes","article_modified_time":"2017-04-18T12:17:04+00:00","og_image":[{"url":"https:\/\/instalaciondetarimas.com\/wp-content\/uploads\/instalaciondetariams.jpg","type":"","width":"","height":""}],"twitter_card":"summary_large_image","twitter_misc":{"Tiempo de lectura":"7 minutos"},"schema":{"@context":"https:\/\/schema.org","@graph":[{"@type":"WebPage","@id":"https:\/\/instalaciondetarimas.com\/clientes\/modelo-de-contrato-con-garantia\/","url":"https:\/\/instalaciondetarimas.com\/clientes\/modelo-de-contrato-con-garantia\/","name":"Modelo de contrato con garant\u00eda - clientes","isPartOf":{"@id":"https:\/\/instalaciondetarimas.com\/clientes\/#website"},"primaryImageOfPage":{"@id":"https:\/\/instalaciondetarimas.com\/clientes\/modelo-de-contrato-con-garantia\/#primaryimage"},"image":{"@id":"https:\/\/instalaciondetarimas.com\/clientes\/modelo-de-contrato-con-garantia\/#primaryimage"},"thumbnailUrl":"https:\/\/instalaciondetarimas.com\/wp-content\/uploads\/instalaciondetariams.jpg","datePublished":"2017-04-17T11:32:36+00:00","dateModified":"2017-04-18T12:17:04+00:00","breadcrumb":{"@id":"https:\/\/instalaciondetarimas.com\/clientes\/modelo-de-contrato-con-garantia\/#breadcrumb"},"inLanguage":"es","potentialAction":[{"@type":"ReadAction","target":["https:\/\/instalaciondetarimas.com\/clientes\/modelo-de-contrato-con-garantia\/"]}]},{"@type":"ImageObject","inLanguage":"es","@id":"https:\/\/instalaciondetarimas.com\/clientes\/modelo-de-contrato-con-garantia\/#primaryimage","url":"https:\/\/instalaciondetarimas.com\/wp-content\/uploads\/instalaciondetariams.jpg","contentUrl":"https:\/\/instalaciondetarimas.com\/wp-content\/uploads\/instalaciondetariams.jpg"},{"@type":"BreadcrumbList","@id":"https:\/\/instalaciondetarimas.com\/clientes\/modelo-de-contrato-con-garantia\/#breadcrumb","itemListElement":[{"@type":"ListItem","position":1,"name":"Portada","item":"https:\/\/instalaciondetarimas.com\/clientes\/"},{"@type":"ListItem","position":2,"name":"Modelo de contrato con garant\u00eda"}]},{"@type":"WebSite","@id":"https:\/\/instalaciondetarimas.com\/clientes\/#website","url":"https:\/\/instalaciondetarimas.com\/clientes\/","name":"clientes","description":"Otro sitio m\u00e1s de Sitios de Instalaci\u00f3n y venta de Tarimas de exterior en interior","potentialAction":[{"@type":"SearchAction","target":{"@type":"EntryPoint","urlTemplate":"https:\/\/instalaciondetarimas.com\/clientes\/?s={search_term_string}"},"query-input":{"@type":"PropertyValueSpecification","valueRequired":true,"valueName":"search_term_string"}}],"inLanguage":"es"}]}},"_links":{"self":[{"href":"https:\/\/instalaciondetarimas.com\/clientes\/wp-json\/wp\/v2\/pages\/33","targetHints":{"allow":["GET"]}}],"collection":[{"href":"https:\/\/instalaciondetarimas.com\/clientes\/wp-json\/wp\/v2\/pages"}],"about":[{"href":"https:\/\/instalaciondetarimas.com\/clientes\/wp-json\/wp\/v2\/types\/page"}],"author":[{"embeddable":true,"href":"https:\/\/instalaciondetarimas.com\/clientes\/wp-json\/wp\/v2\/users\/1"}],"replies":[{"embeddable":true,"href":"https:\/\/instalaciondetarimas.com\/clientes\/wp-json\/wp\/v2\/comments?post=33"}],"version-history":[{"count":0,"href":"https:\/\/instalaciondetarimas.com\/clientes\/wp-json\/wp\/v2\/pages\/33\/revisions"}],"wp:attachment":[{"href":"https:\/\/instalaciondetarimas.com\/clientes\/wp-json\/wp\/v2\/media?parent=33"}],"curies":[{"name":"wp","href":"https:\/\/api.w.org\/{rel}","templated":true}]}}