{"id":2,"date":"2017-04-17T10:32:42","date_gmt":"2017-04-17T10:32:42","guid":{"rendered":"http:\/\/instalaciondetarimas.com\/clientes\/?page_id=2"},"modified":"2017-04-18T20:59:34","modified_gmt":"2017-04-18T20:59:34","slug":"pagina-ejemplo","status":"publish","type":"page","link":"https:\/\/instalaciondetarimas.com\/clientes\/pagina-ejemplo\/","title":{"rendered":"Pol\u00edtica de muestras"},"content":{"rendered":"<p><strong><span style=\"font-size: medium; font-family: arial,helvetica,sans-serif;\">Pol\u00edtica de muestras de tarima maciza:<\/span><\/strong><\/p>\n<p><span style=\"font-size: medium; font-family: arial,helvetica,sans-serif;\">Debido a la imposibilidad de estar enviando muestras por tantas peticiones semanales est\u00e1 es nuestra nueva pol\u00edtica de muestras para evitar una repercusi\u00f3n negativa en los precios de la tarima:<\/span><\/p>\n<ol>\n<li><span style=\"font-size: medium; font-family: arial,helvetica,sans-serif;\">El cliente abonar\u00e1 los gastos de env\u00edo y devoluci\u00f3n de la muestra.<\/span><\/li>\n<li><span style=\"font-size: medium; font-family: arial,helvetica,sans-serif;\">El precio de cada muestra es de 38 euros. Si el cliente devuelve la muestra se le reintegrar\u00e1n los 38 euros por muestra.<\/span><\/li>\n<li><span style=\"font-size: medium; font-family: arial,helvetica,sans-serif;\">En el caso de que el cliente realice una compra,\u00a0una vez retornada la muestra, se le restar\u00e1n los gastos de env\u00edo y de devoluci\u00f3n del presupuesto aceptado.<\/span><\/li>\n<\/ol>\n<p><span style=\"font-size: medium; font-family: arial,helvetica,sans-serif;\">El cliente debe entender que el env\u00edo de una muestras supone desempaquetar una caja de tarima que ya no se podr\u00e1 comercializar. A lo largo del tiempo esto supone un importante gasto material que al final perjudica en el precio de nuestros productos. Lo que supone un encarecimiento innecesario. Entendemos que nuestro p\u00fablico objetivo, que busca productos de alta calidad, no debe pagar un sobrecoste innecesario.<br \/>\n<\/span><\/p>\n<p><span style=\"font-size: medium; font-family: arial,helvetica,sans-serif;\">| Venta directa en Espa\u00f1a y cualquier parte de Europa | <strong>636 52 04 08<\/strong> | <strong>91 890 51 61<\/strong> | <span style=\"font-size: medium;\"><a title=\"mailto:tarima@instalaciondetarimas.com?subject=\" href=\"mailto:tarima@instalaciondetarimas.com?subject=\">tarima@instalaciondetarimas.com<\/a><\/span> | | <a href=\"https:\/\/plus.google.com\/+Instalaciondetarimas\/posts\" target=\"_blank\">Puedes seguirnos en Google +\u00a0 <\/a>| <a href=\"https:\/\/www.facebook.com\/instalacionyventadetarimas\/\" target=\"_blank\">Facebook<\/a> | C\/ Retama 8. A. Puerta 19. 28200. Madrid |<br \/>\n<\/span><\/p>\n<!--CusAds0-->\n<div style=\"font-size: 0px; height: 0px; line-height: 0px; margin: 0; padding: 0; clear: both;\"><\/div>","protected":false},"excerpt":{"rendered":"<p>Pol\u00edtica de muestras de tarima maciza: Debido a la imposibilidad de estar enviando muestras por tantas peticiones semanales est\u00e1 es nuestra nueva pol\u00edtica de muestras para evitar una repercusi\u00f3n negativa en los precios de la tarima: El cliente abonar\u00e1 los gastos de env\u00edo y devoluci\u00f3n de la muestra. El precio de cada muestra es de &hellip; <\/p>\n<p class=\"link-more\"><a href=\"https:\/\/instalaciondetarimas.com\/clientes\/pagina-ejemplo\/\" class=\"more-link\">Seguir leyendo<span class=\"screen-reader-text\"> \u00abPol\u00edtica de muestras\u00bb<\/span><\/a><\/p>\n","protected":false},"author":1,"featured_media":0,"parent":0,"menu_order":0,"comment_status":"closed","ping_status":"open","template":"","meta":{"footnotes":""},"class_list":["post-2","page","type-page","status-publish","hentry","entry"],"yoast_head":"<!-- This site is optimized with the Yoast SEO plugin v27.1.1 - https:\/\/yoast.com\/product\/yoast-seo-wordpress\/ -->\n<title>Pol\u00edtica de muestras - clientes<\/title>\n<meta name=\"robots\" content=\"index, follow, max-snippet:-1, max-image-preview:large, max-video-preview:-1\" \/>\n<link rel=\"canonical\" href=\"https:\/\/instalaciondetarimas.com\/clientes\/pagina-ejemplo\/\" \/>\n<meta property=\"og:locale\" content=\"es_ES\" \/>\n<meta property=\"og:type\" content=\"article\" \/>\n<meta property=\"og:title\" content=\"Pol\u00edtica de muestras - clientes\" \/>\n<meta property=\"og:description\" content=\"Pol\u00edtica de muestras de tarima maciza: Debido a la imposibilidad de estar enviando muestras por tantas peticiones semanales est\u00e1 es nuestra nueva pol\u00edtica de muestras para evitar una repercusi\u00f3n negativa en los precios de la tarima: El cliente abonar\u00e1 los gastos de env\u00edo y devoluci\u00f3n de la muestra. El precio de cada muestra es de &hellip; Seguir leyendo \u00abPol\u00edtica de muestras\u00bb\" \/>\n<meta property=\"og:url\" content=\"https:\/\/instalaciondetarimas.com\/clientes\/pagina-ejemplo\/\" \/>\n<meta property=\"og:site_name\" content=\"clientes\" \/>\n<meta property=\"article:modified_time\" content=\"2017-04-18T20:59:34+00:00\" \/>\n<meta name=\"twitter:card\" content=\"summary_large_image\" \/>\n<meta name=\"twitter:label1\" content=\"Tiempo de lectura\" \/>\n\t<meta name=\"twitter:data1\" content=\"1 minuto\" \/>\n<script type=\"application\/ld+json\" class=\"yoast-schema-graph\">{\"@context\":\"https:\/\/schema.org\",\"@graph\":[{\"@type\":\"WebPage\",\"@id\":\"https:\/\/instalaciondetarimas.com\/clientes\/pagina-ejemplo\/\",\"url\":\"https:\/\/instalaciondetarimas.com\/clientes\/pagina-ejemplo\/\",\"name\":\"Pol\u00edtica de muestras - clientes\",\"isPartOf\":{\"@id\":\"https:\/\/instalaciondetarimas.com\/clientes\/#website\"},\"datePublished\":\"2017-04-17T10:32:42+00:00\",\"dateModified\":\"2017-04-18T20:59:34+00:00\",\"breadcrumb\":{\"@id\":\"https:\/\/instalaciondetarimas.com\/clientes\/pagina-ejemplo\/#breadcrumb\"},\"inLanguage\":\"es\",\"potentialAction\":[{\"@type\":\"ReadAction\",\"target\":[\"https:\/\/instalaciondetarimas.com\/clientes\/pagina-ejemplo\/\"]}]},{\"@type\":\"BreadcrumbList\",\"@id\":\"https:\/\/instalaciondetarimas.com\/clientes\/pagina-ejemplo\/#breadcrumb\",\"itemListElement\":[{\"@type\":\"ListItem\",\"position\":1,\"name\":\"Portada\",\"item\":\"https:\/\/instalaciondetarimas.com\/clientes\/\"},{\"@type\":\"ListItem\",\"position\":2,\"name\":\"Pol\u00edtica de muestras\"}]},{\"@type\":\"WebSite\",\"@id\":\"https:\/\/instalaciondetarimas.com\/clientes\/#website\",\"url\":\"https:\/\/instalaciondetarimas.com\/clientes\/\",\"name\":\"clientes\",\"description\":\"Otro sitio m\u00e1s de Sitios de Instalaci\u00f3n y venta de Tarimas de exterior en interior\",\"potentialAction\":[{\"@type\":\"SearchAction\",\"target\":{\"@type\":\"EntryPoint\",\"urlTemplate\":\"https:\/\/instalaciondetarimas.com\/clientes\/?s={search_term_string}\"},\"query-input\":{\"@type\":\"PropertyValueSpecification\",\"valueRequired\":true,\"valueName\":\"search_term_string\"}}],\"inLanguage\":\"es\"}]}<\/script>\n<!-- \/ Yoast SEO plugin. -->","yoast_head_json":{"title":"Pol\u00edtica de muestras - clientes","robots":{"index":"index","follow":"follow","max-snippet":"max-snippet:-1","max-image-preview":"max-image-preview:large","max-video-preview":"max-video-preview:-1"},"canonical":"https:\/\/instalaciondetarimas.com\/clientes\/pagina-ejemplo\/","og_locale":"es_ES","og_type":"article","og_title":"Pol\u00edtica de muestras - clientes","og_description":"Pol\u00edtica de muestras de tarima maciza: Debido a la imposibilidad de estar enviando muestras por tantas peticiones semanales est\u00e1 es nuestra nueva pol\u00edtica de muestras para evitar una repercusi\u00f3n negativa en los precios de la tarima: El cliente abonar\u00e1 los gastos de env\u00edo y devoluci\u00f3n de la muestra. El precio de cada muestra es de &hellip; Seguir leyendo \u00abPol\u00edtica de muestras\u00bb","og_url":"https:\/\/instalaciondetarimas.com\/clientes\/pagina-ejemplo\/","og_site_name":"clientes","article_modified_time":"2017-04-18T20:59:34+00:00","twitter_card":"summary_large_image","twitter_misc":{"Tiempo de lectura":"1 minuto"},"schema":{"@context":"https:\/\/schema.org","@graph":[{"@type":"WebPage","@id":"https:\/\/instalaciondetarimas.com\/clientes\/pagina-ejemplo\/","url":"https:\/\/instalaciondetarimas.com\/clientes\/pagina-ejemplo\/","name":"Pol\u00edtica de muestras - clientes","isPartOf":{"@id":"https:\/\/instalaciondetarimas.com\/clientes\/#website"},"datePublished":"2017-04-17T10:32:42+00:00","dateModified":"2017-04-18T20:59:34+00:00","breadcrumb":{"@id":"https:\/\/instalaciondetarimas.com\/clientes\/pagina-ejemplo\/#breadcrumb"},"inLanguage":"es","potentialAction":[{"@type":"ReadAction","target":["https:\/\/instalaciondetarimas.com\/clientes\/pagina-ejemplo\/"]}]},{"@type":"BreadcrumbList","@id":"https:\/\/instalaciondetarimas.com\/clientes\/pagina-ejemplo\/#breadcrumb","itemListElement":[{"@type":"ListItem","position":1,"name":"Portada","item":"https:\/\/instalaciondetarimas.com\/clientes\/"},{"@type":"ListItem","position":2,"name":"Pol\u00edtica de muestras"}]},{"@type":"WebSite","@id":"https:\/\/instalaciondetarimas.com\/clientes\/#website","url":"https:\/\/instalaciondetarimas.com\/clientes\/","name":"clientes","description":"Otro sitio m\u00e1s de Sitios de Instalaci\u00f3n y venta de Tarimas de exterior en interior","potentialAction":[{"@type":"SearchAction","target":{"@type":"EntryPoint","urlTemplate":"https:\/\/instalaciondetarimas.com\/clientes\/?s={search_term_string}"},"query-input":{"@type":"PropertyValueSpecification","valueRequired":true,"valueName":"search_term_string"}}],"inLanguage":"es"}]}},"_links":{"self":[{"href":"https:\/\/instalaciondetarimas.com\/clientes\/wp-json\/wp\/v2\/pages\/2","targetHints":{"allow":["GET"]}}],"collection":[{"href":"https:\/\/instalaciondetarimas.com\/clientes\/wp-json\/wp\/v2\/pages"}],"about":[{"href":"https:\/\/instalaciondetarimas.com\/clientes\/wp-json\/wp\/v2\/types\/page"}],"author":[{"embeddable":true,"href":"https:\/\/instalaciondetarimas.com\/clientes\/wp-json\/wp\/v2\/users\/1"}],"replies":[{"embeddable":true,"href":"https:\/\/instalaciondetarimas.com\/clientes\/wp-json\/wp\/v2\/comments?post=2"}],"version-history":[{"count":0,"href":"https:\/\/instalaciondetarimas.com\/clientes\/wp-json\/wp\/v2\/pages\/2\/revisions"}],"wp:attachment":[{"href":"https:\/\/instalaciondetarimas.com\/clientes\/wp-json\/wp\/v2\/media?parent=2"}],"curies":[{"name":"wp","href":"https:\/\/api.w.org\/{rel}","templated":true}]}}